{"id":112,"date":"2017-12-08T12:18:06","date_gmt":"2017-12-08T12:18:06","guid":{"rendered":"http:\/\/www.aircargo-transport.eu\/?page_id=112"},"modified":"2022-10-21T13:19:52","modified_gmt":"2022-10-21T13:19:52","slug":"spezialtransporte","status":"publish","type":"page","link":"https:\/\/www.aircargo-transport.eu\/discovery\/spezialtransporte\/","title":{"rendered":"Spezialtransporte"},"content":{"rendered":"\t\t<div data-elementor-type=\"wp-page\" data-elementor-id=\"112\" class=\"elementor elementor-112\">\n\t\t\t\t\t\t\t\t\t<section class=\"elementor-section elementor-top-section elementor-element elementor-element-40d92ec elementor-section-full_width elementor-section-height-default elementor-section-height-default\" data-id=\"40d92ec\" data-element_type=\"section\">\n\t\t\t\t\t\t<div class=\"elementor-container elementor-column-gap-no\">\n\t\t\t\t\t<div class=\"elementor-column elementor-col-100 elementor-top-column elementor-element elementor-element-ce72a7d\" data-id=\"ce72a7d\" data-element_type=\"column\">\n\t\t\t<div class=\"elementor-widget-wrap elementor-element-populated\">\n\t\t\t\t\t\t\t\t<div class=\"elementor-element elementor-element-f727782 elementor--h-position-center elementor--v-position-middle elementor-arrows-position-inside elementor-pagination-position-inside elementor-widget elementor-widget-slides\" data-id=\"f727782\" data-element_type=\"widget\" data-settings=\"{&quot;navigation&quot;:&quot;both&quot;,&quot;autoplay&quot;:&quot;yes&quot;,&quot;pause_on_hover&quot;:&quot;yes&quot;,&quot;pause_on_interaction&quot;:&quot;yes&quot;,&quot;autoplay_speed&quot;:5000,&quot;infinite&quot;:&quot;yes&quot;,&quot;transition&quot;:&quot;slide&quot;,&quot;transition_speed&quot;:500}\" data-widget_type=\"slides.default\">\n\t\t\t\t<div class=\"elementor-widget-container\">\n\t\t\t<style>\/*! elementor-pro - v3.11.4 - 07-03-2023 *\/\n.elementor-slides .swiper-slide-bg{background-size:cover;background-position:50%;background-repeat:no-repeat;min-width:100%;min-height:100%}.elementor-slides .swiper-slide-inner{background-repeat:no-repeat;background-position:50%;position:absolute;top:0;left:0;bottom:0;right:0;padding:50px;margin:auto}.elementor-slides .swiper-slide-inner,.elementor-slides .swiper-slide-inner:hover{color:#fff;display:flex}.elementor-slides .swiper-slide-inner .elementor-background-overlay{position:absolute;z-index:0;top:0;bottom:0;left:0;right:0}.elementor-slides .swiper-slide-inner .elementor-slide-content{position:relative;z-index:1;width:100%}.elementor-slides .swiper-slide-inner .elementor-slide-heading{font-size:35px;font-weight:700;line-height:1}.elementor-slides .swiper-slide-inner .elementor-slide-description{font-size:17px;line-height:1.4}.elementor-slides .swiper-slide-inner .elementor-slide-description:not(:last-child),.elementor-slides .swiper-slide-inner .elementor-slide-heading:not(:last-child){margin-bottom:30px}.elementor-slides .swiper-slide-inner .elementor-slide-button{border:2px solid #fff;color:#fff;background:transparent;display:inline-block}.elementor-slides .swiper-slide-inner .elementor-slide-button,.elementor-slides .swiper-slide-inner .elementor-slide-button:hover{background:transparent;color:inherit;text-decoration:none}.elementor--v-position-top .swiper-slide-inner{align-items:flex-start}.elementor--v-position-bottom .swiper-slide-inner{align-items:flex-end}.elementor--v-position-middle .swiper-slide-inner{align-items:center}.elementor--h-position-left .swiper-slide-inner{justify-content:flex-start}.elementor--h-position-right .swiper-slide-inner{justify-content:flex-end}.elementor--h-position-center .swiper-slide-inner{justify-content:center}body.rtl .elementor-widget-slides .elementor-swiper-button-next{left:10px;right:auto}body.rtl .elementor-widget-slides .elementor-swiper-button-prev{right:10px;left:auto}.elementor-slides-wrapper div:not(.swiper-slide)>.swiper-slide-inner{display:none}@media (max-width:767px){.elementor-slides .swiper-slide-inner{padding:30px}.elementor-slides .swiper-slide-inner .elementor-slide-heading{font-size:23px;line-height:1;margin-bottom:15px}.elementor-slides .swiper-slide-inner .elementor-slide-description{font-size:13px;line-height:1.4;margin-bottom:15px}}<\/style>\t\t<div class=\"elementor-swiper\">\n\t\t\t<div class=\"elementor-slides-wrapper elementor-main-swiper swiper-container\" dir=\"ltr\" data-animation=\"fadeInUp\">\n\t\t\t\t<div class=\"swiper-wrapper elementor-slides\">\n\t\t\t\t\t\t\t\t\t\t<div class=\"elementor-repeater-item-e6d3247 swiper-slide\"><div class=\"swiper-slide-bg\"><\/div><div class=\"swiper-slide-inner\" ><div class=\"swiper-slide-contents\"><\/div><\/div><\/div><div class=\"elementor-repeater-item-637f1b2 swiper-slide\"><div class=\"swiper-slide-bg\"><\/div><div class=\"swiper-slide-inner\" ><div class=\"swiper-slide-contents\"><\/div><\/div><\/div><div class=\"elementor-repeater-item-0746300 swiper-slide\"><div class=\"swiper-slide-bg\"><\/div><div class=\"swiper-slide-inner\" ><div class=\"swiper-slide-contents\"><\/div><\/div><\/div>\t\t\t\t<\/div>\n\t\t\t\t\t\t\t\t\t\t\t\t\t\t\t<div class=\"swiper-pagination\"><\/div>\n\t\t\t\t\t\t\t\t\t\t\t\t\t\t\t\t<div class=\"elementor-swiper-button elementor-swiper-button-prev\">\n\t\t\t\t\t\t\t<i aria-hidden=\"true\" class=\"eicon-chevron-left\"><\/i>\t\t\t\t\t\t\t<span class=\"elementor-screen-only\">Voriger<\/span>\n\t\t\t\t\t\t<\/div>\n\t\t\t\t\t\t<div class=\"elementor-swiper-button elementor-swiper-button-next\">\n\t\t\t\t\t\t\t<i aria-hidden=\"true\" class=\"eicon-chevron-right\"><\/i>\t\t\t\t\t\t\t<span class=\"elementor-screen-only\">N\u00e4chster<\/span>\n\t\t\t\t\t\t<\/div>\n\t\t\t\t\t\t\t\t\t\t\t\t<\/div>\n\t\t<\/div>\n\t\t\t\t<\/div>\n\t\t\t\t<\/div>\n\t\t\t\t\t<\/div>\n\t\t<\/div>\n\t\t\t\t\t\t\t<\/div>\n\t\t<\/section>\n\t\t\t\t<section class=\"elementor-section elementor-top-section elementor-element elementor-element-7dbfe4c elementor-section-boxed elementor-section-height-default elementor-section-height-default\" data-id=\"7dbfe4c\" data-element_type=\"section\">\n\t\t\t\t\t\t<div class=\"elementor-container elementor-column-gap-default\">\n\t\t\t\t\t<div class=\"elementor-column elementor-col-100 elementor-top-column elementor-element elementor-element-f0c4cf8\" data-id=\"f0c4cf8\" data-element_type=\"column\">\n\t\t\t<div class=\"elementor-widget-wrap elementor-element-populated\">\n\t\t\t\t\t\t\t\t<div class=\"elementor-element elementor-element-54bcb9b elementor-widget elementor-widget-heading\" data-id=\"54bcb9b\" data-element_type=\"widget\" data-widget_type=\"heading.default\">\n\t\t\t\t<div class=\"elementor-widget-container\">\n\t\t\t<style>\/*! elementor - v3.13.3 - 28-05-2023 *\/\n.elementor-heading-title{padding:0;margin:0;line-height:1}.elementor-widget-heading .elementor-heading-title[class*=elementor-size-]>a{color:inherit;font-size:inherit;line-height:inherit}.elementor-widget-heading .elementor-heading-title.elementor-size-small{font-size:15px}.elementor-widget-heading .elementor-heading-title.elementor-size-medium{font-size:19px}.elementor-widget-heading .elementor-heading-title.elementor-size-large{font-size:29px}.elementor-widget-heading .elementor-heading-title.elementor-size-xl{font-size:39px}.elementor-widget-heading .elementor-heading-title.elementor-size-xxl{font-size:59px}<\/style><h1 class=\"elementor-heading-title elementor-size-default\">SPEZIALTRANSPORTE - wir machen es m\u00f6glich!<\/h1>\t\t<\/div>\n\t\t\t\t<\/div>\n\t\t\t\t<section class=\"elementor-section elementor-inner-section elementor-element elementor-element-6e9f5b5 elementor-section-boxed elementor-section-height-default elementor-section-height-default\" data-id=\"6e9f5b5\" data-element_type=\"section\">\n\t\t\t\t\t\t<div class=\"elementor-container elementor-column-gap-default\">\n\t\t\t\t\t<div class=\"elementor-column elementor-col-50 elementor-inner-column elementor-element elementor-element-8223159\" data-id=\"8223159\" data-element_type=\"column\">\n\t\t\t<div class=\"elementor-widget-wrap elementor-element-populated\">\n\t\t\t\t\t\t\t\t<div class=\"elementor-element elementor-element-0caafdf elementor-widget elementor-widget-text-editor\" data-id=\"0caafdf\" data-element_type=\"widget\" data-widget_type=\"text-editor.default\">\n\t\t\t\t<div class=\"elementor-widget-container\">\n\t\t\t<style>\/*! elementor - v3.13.3 - 28-05-2023 *\/\n.elementor-widget-text-editor.elementor-drop-cap-view-stacked .elementor-drop-cap{background-color:#69727d;color:#fff}.elementor-widget-text-editor.elementor-drop-cap-view-framed .elementor-drop-cap{color:#69727d;border:3px solid;background-color:transparent}.elementor-widget-text-editor:not(.elementor-drop-cap-view-default) .elementor-drop-cap{margin-top:8px}.elementor-widget-text-editor:not(.elementor-drop-cap-view-default) .elementor-drop-cap-letter{width:1em;height:1em}.elementor-widget-text-editor .elementor-drop-cap{float:left;text-align:center;line-height:1;font-size:50px}.elementor-widget-text-editor .elementor-drop-cap-letter{display:inline-block}<\/style>\t\t\t\tHaben Sie eine Fracht, die unter \u2018normalen\u2019 Umst\u00e4nden nicht transportiert werden kann? Etwa weil sie besonders gro\u00df oder schwer ist oder weil sie auf eine besondere Art und Weise gesichert werden muss?\n\nKein Problem f\u00fcr Aircargo Transport. Mehr noch:\n\nMit solchen F\u00e4llen haben wir langj\u00e4hrige Erfahrung! Von Flugzeugmotoren \u00fcber Hubschrauberfl\u00fcgel bis hin zu Autos und Maschinen mit extremen Abmessungen. Wir schrecken vor keiner Ladung zur\u00fcck. Sie k\u00f6nnen sich voll und ganz darauf verlassen, dass Ihre Ladung bei uns in guten H\u00e4nden ist.\n\nUnsere qualifizierten Fahrer verf\u00fcgen \u00fcber die entsprechende Erfahrung und \u00fcber das spezielle Know-how, um mit einer solchen Ladung umzugehen. Mit anderen Worten:\n\nSie wissen wie kein Zweiter, wie Ihre Sendung gesichert werden muss und wie sie optimal zu transportieren ist. Neben guten Fahrern mit dem entsprechenden Know-how verf\u00fcgen wir auch \u00fcber die richtige Ausr\u00fcstung, um solche Spezialladungen bew\u00e4ltigen zu k\u00f6nnen, wie z. B. Anh\u00e4nger mit Schiebe- oder Hebed\u00e4chern (letztere bis zu 20 cm) sowie Schiebeplanen. Und damit sind unsere M\u00f6glichkeiten l\u00e4ngst noch nicht ersch\u00f6pft.\t\t\t\t\t\t<\/div>\n\t\t\t\t<\/div>\n\t\t\t\t\t<\/div>\n\t\t<\/div>\n\t\t\t\t<div class=\"elementor-column elementor-col-50 elementor-inner-column elementor-element elementor-element-e385e32\" data-id=\"e385e32\" data-element_type=\"column\">\n\t\t\t<div class=\"elementor-widget-wrap elementor-element-populated\">\n\t\t\t\t\t\t\t\t<div class=\"elementor-element elementor-element-4518517 elementor-widget elementor-widget-image\" data-id=\"4518517\" data-element_type=\"widget\" data-widget_type=\"image.default\">\n\t\t\t\t<div class=\"elementor-widget-container\">\n\t\t\t<style>\/*! elementor - v3.13.3 - 28-05-2023 *\/\n.elementor-widget-image{text-align:center}.elementor-widget-image a{display:inline-block}.elementor-widget-image a img[src$=\".svg\"]{width:48px}.elementor-widget-image img{vertical-align:middle;display:inline-block}<\/style>\t\t\t\t\t\t\t\t\t\t\t\t<img decoding=\"async\" width=\"500\" height=\"434\" src=\"https:\/\/www.aircargo-transport.eu\/discovery\/wp-content\/uploads\/2017\/12\/infobox_spezialtransporte.jpg\" class=\"attachment-large size-large wp-image-113\" alt=\"\" srcset=\"https:\/\/www.aircargo-transport.eu\/discovery\/wp-content\/uploads\/2017\/12\/infobox_spezialtransporte.jpg 500w, https:\/\/www.aircargo-transport.eu\/discovery\/wp-content\/uploads\/2017\/12\/infobox_spezialtransporte-300x260.jpg 300w, https:\/\/www.aircargo-transport.eu\/discovery\/wp-content\/uploads\/2017\/12\/infobox_spezialtransporte-168x146.jpg 168w, https:\/\/www.aircargo-transport.eu\/discovery\/wp-content\/uploads\/2017\/12\/infobox_spezialtransporte-50x43.jpg 50w, https:\/\/www.aircargo-transport.eu\/discovery\/wp-content\/uploads\/2017\/12\/infobox_spezialtransporte-86x75.jpg 86w\" sizes=\"(max-width: 500px) 100vw, 500px\" \/>\t\t\t\t\t\t\t\t\t\t\t\t\t\t\t<\/div>\n\t\t\t\t<\/div>\n\t\t\t\t\t<\/div>\n\t\t<\/div>\n\t\t\t\t\t\t\t<\/div>\n\t\t<\/section>\n\t\t\t\t<div class=\"elementor-element elementor-element-aac77c5 elementor-invisible elementor-widget elementor-widget-image\" data-id=\"aac77c5\" data-element_type=\"widget\" data-settings=\"{&quot;_animation&quot;:&quot;slideInLeft&quot;}\" data-widget_type=\"image.default\">\n\t\t\t\t<div class=\"elementor-widget-container\">\n\t\t\t\t\t\t\t\t\t\t\t\t\t\t\t<img decoding=\"async\" width=\"1024\" height=\"90\" src=\"https:\/\/www.aircargo-transport.eu\/discovery\/wp-content\/uploads\/2017\/12\/divider_spezialtransporte-1024x90.png\" class=\"attachment-large size-large wp-image-117\" alt=\"\" srcset=\"https:\/\/www.aircargo-transport.eu\/discovery\/wp-content\/uploads\/2017\/12\/divider_spezialtransporte-1024x90.png 1024w, https:\/\/www.aircargo-transport.eu\/discovery\/wp-content\/uploads\/2017\/12\/divider_spezialtransporte-300x26.png 300w, https:\/\/www.aircargo-transport.eu\/discovery\/wp-content\/uploads\/2017\/12\/divider_spezialtransporte-768x68.png 768w, https:\/\/www.aircargo-transport.eu\/discovery\/wp-content\/uploads\/2017\/12\/divider_spezialtransporte-260x23.png 260w, https:\/\/www.aircargo-transport.eu\/discovery\/wp-content\/uploads\/2017\/12\/divider_spezialtransporte-50x4.png 50w, https:\/\/www.aircargo-transport.eu\/discovery\/wp-content\/uploads\/2017\/12\/divider_spezialtransporte-150x13.png 150w, https:\/\/www.aircargo-transport.eu\/discovery\/wp-content\/uploads\/2017\/12\/divider_spezialtransporte.png 1091w\" sizes=\"(max-width: 1024px) 100vw, 1024px\" \/>\t\t\t\t\t\t\t\t\t\t\t\t\t\t\t<\/div>\n\t\t\t\t<\/div>\n\t\t\t\t\t<\/div>\n\t\t<\/div>\n\t\t\t\t\t\t\t<\/div>\n\t\t<\/section>\n\t\t\t\t\t\t\t<\/div>\n\t\t","protected":false},"excerpt":{"rendered":"<p>Voriger N\u00e4chster SPEZIALTRANSPORTE &#8211; wir machen es m\u00f6glich! Haben Sie eine Fracht, die unter \u2018normalen\u2019 Umst\u00e4nden nicht transportiert werden kann? Etwa weil sie besonders gro\u00df oder schwer ist oder weil sie auf eine besondere Art und Weise gesichert werden muss? Kein Problem f\u00fcr Aircargo Transport. Mehr noch: Mit solchen F\u00e4llen haben wir langj\u00e4hrige Erfahrung! Von [&hellip;]<\/p>\n","protected":false},"author":1,"featured_media":0,"parent":0,"menu_order":0,"comment_status":"closed","ping_status":"closed","template":"","meta":{"footnotes":""},"_links":{"self":[{"href":"https:\/\/www.aircargo-transport.eu\/discovery\/wp-json\/wp\/v2\/pages\/112"}],"collection":[{"href":"https:\/\/www.aircargo-transport.eu\/discovery\/wp-json\/wp\/v2\/pages"}],"about":[{"href":"https:\/\/www.aircargo-transport.eu\/discovery\/wp-json\/wp\/v2\/types\/page"}],"author":[{"embeddable":true,"href":"https:\/\/www.aircargo-transport.eu\/discovery\/wp-json\/wp\/v2\/users\/1"}],"replies":[{"embeddable":true,"href":"https:\/\/www.aircargo-transport.eu\/discovery\/wp-json\/wp\/v2\/comments?post=112"}],"version-history":[{"count":13,"href":"https:\/\/www.aircargo-transport.eu\/discovery\/wp-json\/wp\/v2\/pages\/112\/revisions"}],"predecessor-version":[{"id":436,"href":"https:\/\/www.aircargo-transport.eu\/discovery\/wp-json\/wp\/v2\/pages\/112\/revisions\/436"}],"wp:attachment":[{"href":"https:\/\/www.aircargo-transport.eu\/discovery\/wp-json\/wp\/v2\/media?parent=112"}],"curies":[{"name":"wp","href":"https:\/\/api.w.org\/{rel}","templated":true}]}}