{"id":1646,"date":"2025-03-19T15:08:46","date_gmt":"2025-03-19T15:08:46","guid":{"rendered":"https:\/\/www.aircargo-transport.eu\/discovery\/?page_id=1646"},"modified":"2025-03-19T15:10:08","modified_gmt":"2025-03-19T15:10:08","slug":"flughafen-hamburg","status":"publish","type":"page","link":"https:\/\/www.aircargo-transport.eu\/discovery\/flughafen-hamburg\/","title":{"rendered":"Flughafen Hamburg"},"content":{"rendered":"\t\t<div data-elementor-type=\"wp-page\" data-elementor-id=\"1646\" class=\"elementor elementor-1646\">\n\t\t\t\t\t\t\t\t\t<section class=\"elementor-section elementor-top-section elementor-element elementor-element-f484465 elementor-section-full_width elementor-section-height-min-height elementor-section-height-default elementor-section-items-middle\" data-id=\"f484465\" data-element_type=\"section\" data-settings=\"{&quot;background_background&quot;:&quot;classic&quot;}\">\n\t\t\t\t\t\t\t<div class=\"elementor-background-overlay\"><\/div>\n\t\t\t\t\t\t\t<div class=\"elementor-container elementor-column-gap-no\">\n\t\t\t\t\t<div class=\"elementor-column elementor-col-100 elementor-top-column elementor-element elementor-element-d133389\" data-id=\"d133389\" data-element_type=\"column\">\n\t\t\t<div class=\"elementor-widget-wrap\">\n\t\t\t\t\t\t\t\t\t<\/div>\n\t\t<\/div>\n\t\t\t\t\t\t\t<\/div>\n\t\t<\/section>\n\t\t\t\t<section class=\"elementor-section elementor-top-section elementor-element elementor-element-aeab659 elementor-section-boxed elementor-section-height-default elementor-section-height-default\" data-id=\"aeab659\" data-element_type=\"section\">\n\t\t\t\t\t\t<div class=\"elementor-container elementor-column-gap-default\">\n\t\t\t\t\t<div class=\"elementor-column elementor-col-100 elementor-top-column elementor-element elementor-element-95e00f0\" data-id=\"95e00f0\" data-element_type=\"column\">\n\t\t\t<div class=\"elementor-widget-wrap elementor-element-populated\">\n\t\t\t\t\t\t\t\t<div class=\"elementor-element elementor-element-aeba6b2 elementor-widget elementor-widget-heading\" data-id=\"aeba6b2\" data-element_type=\"widget\" data-widget_type=\"heading.default\">\n\t\t\t\t<div class=\"elementor-widget-container\">\n\t\t\t<style>\/*! elementor - v3.13.3 - 28-05-2023 *\/\n.elementor-heading-title{padding:0;margin:0;line-height:1}.elementor-widget-heading .elementor-heading-title[class*=elementor-size-]>a{color:inherit;font-size:inherit;line-height:inherit}.elementor-widget-heading .elementor-heading-title.elementor-size-small{font-size:15px}.elementor-widget-heading .elementor-heading-title.elementor-size-medium{font-size:19px}.elementor-widget-heading .elementor-heading-title.elementor-size-large{font-size:29px}.elementor-widget-heading .elementor-heading-title.elementor-size-xl{font-size:39px}.elementor-widget-heading .elementor-heading-title.elementor-size-xxl{font-size:59px}<\/style><h1 class=\"elementor-heading-title elementor-size-default\">Frachttransporte vom und zum Flughafen Hamburg (HAM)<\/h1>\t\t<\/div>\n\t\t\t\t<\/div>\n\t\t\t\t<div class=\"elementor-element elementor-element-3a99ac0 elementor-widget elementor-widget-text-editor\" data-id=\"3a99ac0\" data-element_type=\"widget\" data-widget_type=\"text-editor.default\">\n\t\t\t\t<div class=\"elementor-widget-container\">\n\t\t\t<style>\/*! elementor - v3.13.3 - 28-05-2023 *\/\n.elementor-widget-text-editor.elementor-drop-cap-view-stacked .elementor-drop-cap{background-color:#69727d;color:#fff}.elementor-widget-text-editor.elementor-drop-cap-view-framed .elementor-drop-cap{color:#69727d;border:3px solid;background-color:transparent}.elementor-widget-text-editor:not(.elementor-drop-cap-view-default) .elementor-drop-cap{margin-top:8px}.elementor-widget-text-editor:not(.elementor-drop-cap-view-default) .elementor-drop-cap-letter{width:1em;height:1em}.elementor-widget-text-editor .elementor-drop-cap{float:left;text-align:center;line-height:1;font-size:50px}.elementor-widget-text-editor .elementor-drop-cap-letter{display:inline-block}<\/style>\t\t\t\t<p>Hamburg Airport (HAM) ist ein wichtiger Logistikknotenpunkt in Norddeutschland, strategisch g\u00fcnstig gelegen am Tor zu Europa. Mit seiner modernen Infrastruktur, den umfangreichen Flugverbindungen und der N\u00e4he zu den gro\u00dfen europ\u00e4ischen M\u00e4rkten spielt der Flughafen Hamburg eine wichtige Rolle bei der Erm\u00f6glichung effizienter Frachttransportdienste. Er dient als Schl\u00fcsselstelle f\u00fcr den globalen Handel und die Lieferketten und verbindet Unternehmen mit internationalen Zielen.<\/p><p><strong>Aircargo Transport bietet zuverl\u00e4ssige, effiziente und nachhaltige Frachtl\u00f6sungen, die den Flughafen Hamburg (HAM) mit den wichtigsten Zielen in Europa verbinden.<\/strong> Ganz gleich, ob Sie einen nahtlosen Transport vom Lagerhaus zum Flughafen, vom Flughafen zum Lagerhaus oder vom Flughafen zum Flughafen ben\u00f6tigen, unsere Dienstleistungen sind auf Ihre speziellen Bed\u00fcrfnisse zugeschnitten.<\/p>\t\t\t\t\t\t<\/div>\n\t\t\t\t<\/div>\n\t\t\t\t<div class=\"elementor-element elementor-element-e6c574f elementor-widget elementor-widget-text-editor\" data-id=\"e6c574f\" data-element_type=\"widget\" data-widget_type=\"text-editor.default\">\n\t\t\t\t<div class=\"elementor-widget-container\">\n\t\t\t\t\t\t\t<h3>Warum sollten Sie sich f\u00fcr Aircargo Transport f\u00fcr den Flughafen Hamburg entscheiden?<\/h3><ul><li>Strategische N\u00e4he zu einem der wichtigsten deutschen Frachtknotenpunkte, der schnelle und zuverl\u00e4ssige Verbindungen gew\u00e4hrleistet.<\/li><li>Umfassende Transportl\u00f6sungen f\u00fcr alle Arten von G\u00fctern einschlie\u00dflich Arzneimitteln, Gefahrgut und temperaturgef\u00fchrten Sendungen.<\/li><li>Ein erfahrenes Team von Berufskraftfahrern und eine kompetente Planungsabteilung, die f\u00fcr einen reibungslosen, p\u00fcnktlichen und sicheren Ablauf sorgen. Unsere Fahrer sind f\u00fcr den Umgang mit Spezialfracht geschult und unsere Planer arbeiten rund um die Uhr an der Optimierung der Routen und der Minimierung der Transitzeiten.<\/li><li>Flexible Optionen f\u00fcr eine nachhaltige Logistik einschlie\u00dflich der Verwendung von HVO100-Biokraftstoff auf Anfrage, die es Ihnen erm\u00f6glichen, Ihren CO2-Fu\u00dfabdruck zu reduzieren und gleichzeitig die betriebliche Effizienz zu erhalten.<\/li><\/ul>\t\t\t\t\t\t<\/div>\n\t\t\t\t<\/div>\n\t\t\t\t<div class=\"elementor-element elementor-element-e3d33ce elementor-invisible elementor-widget elementor-widget-image\" data-id=\"e3d33ce\" data-element_type=\"widget\" data-settings=\"{&quot;_animation&quot;:&quot;slideInLeft&quot;}\" data-widget_type=\"image.default\">\n\t\t\t\t<div class=\"elementor-widget-container\">\n\t\t\t<style>\/*! elementor - v3.13.3 - 28-05-2023 *\/\n.elementor-widget-image{text-align:center}.elementor-widget-image a{display:inline-block}.elementor-widget-image a img[src$=\".svg\"]{width:48px}.elementor-widget-image img{vertical-align:middle;display:inline-block}<\/style>\t\t\t\t\t\t\t\t\t\t\t\t<img decoding=\"async\" width=\"1024\" height=\"90\" src=\"https:\/\/www.aircargo-transport.eu\/discovery\/wp-content\/uploads\/2017\/12\/divider_fuhrpark_aircargo-1024x90.png\" class=\"attachment-large size-large wp-image-64\" alt=\"\" srcset=\"https:\/\/www.aircargo-transport.eu\/discovery\/wp-content\/uploads\/2017\/12\/divider_fuhrpark_aircargo-1024x90.png 1024w, https:\/\/www.aircargo-transport.eu\/discovery\/wp-content\/uploads\/2017\/12\/divider_fuhrpark_aircargo-300x26.png 300w, https:\/\/www.aircargo-transport.eu\/discovery\/wp-content\/uploads\/2017\/12\/divider_fuhrpark_aircargo-768x68.png 768w, https:\/\/www.aircargo-transport.eu\/discovery\/wp-content\/uploads\/2017\/12\/divider_fuhrpark_aircargo-260x23.png 260w, https:\/\/www.aircargo-transport.eu\/discovery\/wp-content\/uploads\/2017\/12\/divider_fuhrpark_aircargo-50x4.png 50w, https:\/\/www.aircargo-transport.eu\/discovery\/wp-content\/uploads\/2017\/12\/divider_fuhrpark_aircargo-150x13.png 150w, https:\/\/www.aircargo-transport.eu\/discovery\/wp-content\/uploads\/2017\/12\/divider_fuhrpark_aircargo.png 1091w\" sizes=\"(max-width: 1024px) 100vw, 1024px\" \/>\t\t\t\t\t\t\t\t\t\t\t\t\t\t\t<\/div>\n\t\t\t\t<\/div>\n\t\t\t\t<div class=\"elementor-element elementor-element-aabe9e8 elementor-widget elementor-widget-image\" data-id=\"aabe9e8\" data-element_type=\"widget\" data-widget_type=\"image.default\">\n\t\t\t\t<div class=\"elementor-widget-container\">\n\t\t\t\t\t\t\t\t\t\t\t\t\t\t\t<img decoding=\"async\" width=\"1900\" height=\"267\" src=\"https:\/\/www.aircargo-transport.eu\/discovery\/wp-content\/uploads\/2025\/01\/divider-images-aircargo.png\" class=\"attachment-large size-large wp-image-783\" alt=\"\" srcset=\"https:\/\/www.aircargo-transport.eu\/discovery\/wp-content\/uploads\/2025\/01\/divider-images-aircargo.png 1900w, https:\/\/www.aircargo-transport.eu\/discovery\/wp-content\/uploads\/2025\/01\/divider-images-aircargo-768x108.png 768w, https:\/\/www.aircargo-transport.eu\/discovery\/wp-content\/uploads\/2025\/01\/divider-images-aircargo-1536x216.png 1536w\" sizes=\"(max-width: 1900px) 100vw, 1900px\" \/>\t\t\t\t\t\t\t\t\t\t\t\t\t\t\t<\/div>\n\t\t\t\t<\/div>\n\t\t\t\t\t<\/div>\n\t\t<\/div>\n\t\t\t\t\t\t\t<\/div>\n\t\t<\/section>\n\t\t\t\t<section class=\"elementor-section elementor-top-section elementor-element elementor-element-fb1630c elementor-section-boxed elementor-section-height-default elementor-section-height-default\" data-id=\"fb1630c\" data-element_type=\"section\">\n\t\t\t\t\t\t<div class=\"elementor-container elementor-column-gap-default\">\n\t\t\t\t\t<div class=\"elementor-column elementor-col-33 elementor-top-column elementor-element elementor-element-581d568\" data-id=\"581d568\" data-element_type=\"column\">\n\t\t\t<div class=\"elementor-widget-wrap elementor-element-populated\">\n\t\t\t\t\t\t\t\t<div class=\"elementor-element elementor-element-53320dd0 elementor-invisible elementor-widget elementor-widget-heading\" data-id=\"53320dd0\" data-element_type=\"widget\" data-settings=\"{&quot;_animation&quot;:&quot;fadeInLeft&quot;}\" data-widget_type=\"heading.default\">\n\t\t\t\t<div class=\"elementor-widget-container\">\n\t\t\t<h2 class=\"elementor-heading-title elementor-size-default\">UNSERE DIENSTLEISTUNGEN AM FLUGHAFEN HAMBURG<\/h2>\t\t<\/div>\n\t\t\t\t<\/div>\n\t\t\t\t<div class=\"elementor-element elementor-element-77010cc3 elementor-widget elementor-widget-text-editor\" data-id=\"77010cc3\" data-element_type=\"widget\" data-widget_type=\"text-editor.default\">\n\t\t\t\t<div class=\"elementor-widget-container\">\n\t\t\t\t\t\t\t<p>Aircargo Transport verf\u00fcgt \u00fcber mehr als 45 Jahre Erfahrung \u2013 einzigartig in der Luftfrachttransportbranche. Ihre Waren sind in guten H\u00e4nden. Neben der zuverl\u00e4ssigen Bef\u00f6rderung von A nach B k\u00f6nnen Sie auch bei unseren \u201eMehrwertdienstleistungen\u201c auf uns z\u00e4hlen. Was soll das bedeuten? Wir k\u00f6nnen Ihnen wichtige Echtzeit-Informationen \u00fcber unsere Fahrzeuge und deren Standort rund um die Uhr ( ) zur Verf\u00fcgung stellen. Mit modernen Ger\u00e4ten k\u00f6nnen wir statische Informationen in dynamische Informationen umwandeln. Auf der Grundlage dieser Daten &nbsp;&nbsp;k\u00f6nnen wir die Ankunftszeit Ihrer Fracht auf die Minute genau absch\u00e4tzen. Diese \u201eVoraussichtliche Ankunftszeit\u201c wird st\u00e4ndig aktualisiert, damit Sie als Kunde wissen, wo Sie stehen. Wir sind gerne bereit, Ihnen zu helfen und Ihnen den besten und zuverl\u00e4ssigsten Trucking-Service zu bieten.<\/p>\t\t\t\t\t\t<\/div>\n\t\t\t\t<\/div>\n\t\t\t\t\t<\/div>\n\t\t<\/div>\n\t\t\t\t<div class=\"elementor-column elementor-col-66 elementor-top-column elementor-element elementor-element-24708751\" data-id=\"24708751\" data-element_type=\"column\">\n\t\t\t<div class=\"elementor-widget-wrap elementor-element-populated\">\n\t\t\t\t\t\t\t\t<section class=\"elementor-section elementor-inner-section elementor-element elementor-element-54e8e220 elementor-section-boxed elementor-section-height-default elementor-section-height-default\" data-id=\"54e8e220\" data-element_type=\"section\">\n\t\t\t\t\t\t<div class=\"elementor-container elementor-column-gap-default\">\n\t\t\t\t\t<div class=\"elementor-column elementor-col-50 elementor-inner-column elementor-element elementor-element-1315ca6f\" data-id=\"1315ca6f\" data-element_type=\"column\">\n\t\t\t<div class=\"elementor-widget-wrap elementor-element-populated\">\n\t\t\t\t\t\t\t\t<div class=\"elementor-element elementor-element-4d1d6a0b elementor-widget elementor-widget-text-editor\" data-id=\"4d1d6a0b\" data-element_type=\"widget\" data-widget_type=\"text-editor.default\">\n\t\t\t\t<div class=\"elementor-widget-container\">\n\t\t\t\t\t\t\t<p><a href=\"\/discovery\/de\/roadfeeder-service-de\/\"><strong>Road Feeder Services<\/strong><\/a><br \/>Ein effizienter Stra\u00dfentransport verbindet Flugh\u00e4fen, Lagerh\u00e4user und Drehkreuze und sorgt f\u00fcr eine reibungslose Logistik, wenn der Lufttransport allein nicht ausreicht.<\/p>\t\t\t\t\t\t<\/div>\n\t\t\t\t<\/div>\n\t\t\t\t<div class=\"elementor-element elementor-element-3b7febc3 elementor-widget elementor-widget-text-editor\" data-id=\"3b7febc3\" data-element_type=\"widget\" data-widget_type=\"text-editor.default\">\n\t\t\t\t<div class=\"elementor-widget-container\">\n\t\t\t\t\t\t\t<p><strong><a href=\"\/discovery\/de\/arzneimitteltransporte\/\">Arzneimitteltransporte (GDP)<\/a><\/strong><br \/>Temperaturgef\u00fchrter Transport mit sicherer Handhabung, der die Einhaltung der GDP-Normen f\u00fcr optimale Produktsicherheit gew\u00e4hrleistet.<\/p>\t\t\t\t\t\t<\/div>\n\t\t\t\t<\/div>\n\t\t\t\t<div class=\"elementor-element elementor-element-7bc1b414 elementor-widget elementor-widget-text-editor\" data-id=\"7bc1b414\" data-element_type=\"widget\" data-widget_type=\"text-editor.default\">\n\t\t\t\t<div class=\"elementor-widget-container\">\n\t\t\t\t\t\t\t<p><a href=\"\/discovery\/de\/gefahrguttransport\/\"><strong>Gef\u00e4hrliche G\u00fcter (ADR-Klasse 1.4)<\/strong><\/a><br \/>Sicherer und vorschriftsm\u00e4\u00dfiger Transport von Gefahrgut gem\u00e4\u00df den Vorschriften der ADR-Klasse 1.4 f\u00fcr sichere Handhabung und Lieferung.<\/p>\t\t\t\t\t\t<\/div>\n\t\t\t\t<\/div>\n\t\t\t\t<div class=\"elementor-element elementor-element-3344985f elementor-widget elementor-widget-text-editor\" data-id=\"3344985f\" data-element_type=\"widget\" data-widget_type=\"text-editor.default\">\n\t\t\t\t<div class=\"elementor-widget-container\">\n\t\t\t\t\t\t\t<p><a href=\"\/discovery\/de\/eiltransporte-spezialtransporte\/\"><strong>Dringende Transporte \/ Sonderdienste<\/strong><\/a><br \/>Unsere qualifizierten Fahrer verf\u00fcgen \u00fcber die Erfahrung und das Know-how f\u00fcr Spezialtransporte. Die M\u00f6glichkeiten sind endlos.<\/p>\t\t\t\t\t\t<\/div>\n\t\t\t\t<\/div>\n\t\t\t\t\t<\/div>\n\t\t<\/div>\n\t\t\t\t<div class=\"elementor-column elementor-col-50 elementor-inner-column elementor-element elementor-element-2b0dd15c\" data-id=\"2b0dd15c\" data-element_type=\"column\">\n\t\t\t<div class=\"elementor-widget-wrap elementor-element-populated\">\n\t\t\t\t\t\t\t\t<div class=\"elementor-element elementor-element-a962dbe elementor-widget elementor-widget-text-editor\" data-id=\"a962dbe\" data-element_type=\"widget\" data-widget_type=\"text-editor.default\">\n\t\t\t\t<div class=\"elementor-widget-container\">\n\t\t\t\t\t\t\t<p><a href=\"\/discovery\/de\/hochwertige-transporte\/\"><strong>Hochwertige Transporte (TAPA TSR)<\/strong><\/a><br \/>Sicherer Transport nach TAPA TSR-Standards, um maximalen Schutz vor Diebstahl und Besch\u00e4digung w\u00e4hrend der gesamten Reise zu gew\u00e4hrleisten.<\/p>\t\t\t\t\t\t<\/div>\n\t\t\t\t<\/div>\n\t\t\t\t<div class=\"elementor-element elementor-element-1fb8f206 elementor-widget elementor-widget-text-editor\" data-id=\"1fb8f206\" data-element_type=\"widget\" data-widget_type=\"text-editor.default\">\n\t\t\t\t<div class=\"elementor-widget-container\">\n\t\t\t\t\t\t\t<p><a href=\"\/discovery\/de\/temperaturgefuehrte-transporte\/\"><strong>Transporte mit kontrollierter Temperatur<\/strong><\/a><br \/>Zuverl\u00e4ssiger Transport mit konstanter Temperaturkontrolle, der optimale Bedingungen f\u00fcr empfindliche und verderbliche Waren bietet.<\/p>\t\t\t\t\t\t<\/div>\n\t\t\t\t<\/div>\n\t\t\t\t<div class=\"elementor-element elementor-element-5f7edc66 elementor-widget elementor-widget-text-editor\" data-id=\"5f7edc66\" data-element_type=\"widget\" data-widget_type=\"text-editor.default\">\n\t\t\t\t<div class=\"elementor-widget-container\">\n\t\t\t\t\t\t\t<p><a href=\"\/discovery\/de\/nachhaltige-transporte\/\"><strong>Nachhaltige Transporte (HVO100)<\/strong><\/a><br \/>Emissionsarmer Transport mit dem Biokraftstoff HVO100, der Emissionen reduziert und nachhaltige Logistikl\u00f6sungen unterst\u00fctzt.<\/p>\t\t\t\t\t\t<\/div>\n\t\t\t\t<\/div>\n\t\t\t\t<div class=\"elementor-element elementor-element-1bd8e1fb elementor-widget elementor-widget-text-editor\" data-id=\"1bd8e1fb\" data-element_type=\"widget\" data-widget_type=\"text-editor.default\">\n\t\t\t\t<div class=\"elementor-widget-container\">\n\t\t\t\t\t\t\t<p><a href=\"\/discovery\/de\/linienverkehrdienste\/\"><strong>Linienverkehr<\/strong><\/a><br \/>Effizienter und zuverl\u00e4ssiger Langstreckentransport, der wichtige Drehkreuze miteinander verbindet, um eine reibungslose, konsistente Lieferung \u00fcber Regionen hinweg zu gew\u00e4hrleisten.<\/p>\t\t\t\t\t\t<\/div>\n\t\t\t\t<\/div>\n\t\t\t\t\t<\/div>\n\t\t<\/div>\n\t\t\t\t\t\t\t<\/div>\n\t\t<\/section>\n\t\t\t\t\t<\/div>\n\t\t<\/div>\n\t\t\t\t\t\t\t<\/div>\n\t\t<\/section>\n\t\t\t\t<section class=\"elementor-section elementor-top-section elementor-element elementor-element-3ca04baa elementor-section-content-middle elementor-section-boxed elementor-section-height-default elementor-section-height-default\" data-id=\"3ca04baa\" data-element_type=\"section\" data-settings=\"{&quot;background_background&quot;:&quot;classic&quot;}\">\n\t\t\t\t\t\t<div class=\"elementor-container elementor-column-gap-default\">\n\t\t\t\t\t<div class=\"elementor-column elementor-col-50 elementor-top-column elementor-element elementor-element-7ee5efd8\" data-id=\"7ee5efd8\" data-element_type=\"column\">\n\t\t\t<div class=\"elementor-widget-wrap elementor-element-populated\">\n\t\t\t\t\t\t\t\t<div class=\"elementor-element elementor-element-39ffc918 elementor-widget elementor-widget-text-editor\" data-id=\"39ffc918\" data-element_type=\"widget\" data-widget_type=\"text-editor.default\">\n\t\t\t\t<div class=\"elementor-widget-container\">\n\t\t\t\t\t\t\t<h3>Vertrauen bei Branchenf\u00fchrern<\/h3><p>Unsere nachgewiesene Erfolgsbilanz bei der Verwaltung von Frachtvorg\u00e4ngen hat uns zum vertrauensw\u00fcrdigen Partner f\u00fcr f\u00fchrende Unternehmen in den Bereichen <strong>Luftfahrt, Pharmaindustrie, Elektronik und mehr<\/strong> gemacht. Wir wickeln die Sendungen mit Sorgfalt ab und sorgen f\u00fcr eine reibungslose und zuverl\u00e4ssige Zustellung. Unternehmen w\u00e4hlen uns wegen unserer Zuverl\u00e4ssigkeit und unseres au\u00dfergew\u00f6hnlichen Service.<\/p>\t\t\t\t\t\t<\/div>\n\t\t\t\t<\/div>\n\t\t\t\t\t<\/div>\n\t\t<\/div>\n\t\t\t\t<div class=\"elementor-column elementor-col-50 elementor-top-column elementor-element elementor-element-594dd59f\" data-id=\"594dd59f\" data-element_type=\"column\">\n\t\t\t<div class=\"elementor-widget-wrap elementor-element-populated\">\n\t\t\t\t\t\t\t\t<div class=\"elementor-element elementor-element-507fa557 elementor-widget elementor-widget-image\" data-id=\"507fa557\" data-element_type=\"widget\" data-widget_type=\"image.default\">\n\t\t\t\t<div class=\"elementor-widget-container\">\n\t\t\t\t\t\t\t\t\t\t\t\t\t\t\t<img decoding=\"async\" width=\"800\" height=\"404\" src=\"https:\/\/www.aircargo-transport.eu\/discovery\/wp-content\/uploads\/2025\/01\/info-img.webp\" class=\"attachment-large size-large wp-image-876\" alt=\"\" srcset=\"https:\/\/www.aircargo-transport.eu\/discovery\/wp-content\/uploads\/2025\/01\/info-img.webp 800w, https:\/\/www.aircargo-transport.eu\/discovery\/wp-content\/uploads\/2025\/01\/info-img-768x388.webp 768w\" sizes=\"(max-width: 800px) 100vw, 800px\" \/>\t\t\t\t\t\t\t\t\t\t\t\t\t\t\t<\/div>\n\t\t\t\t<\/div>\n\t\t\t\t\t<\/div>\n\t\t<\/div>\n\t\t\t\t\t\t\t<\/div>\n\t\t<\/section>\n\t\t\t\t<section class=\"elementor-section elementor-top-section elementor-element elementor-element-432930b elementor-section-boxed elementor-section-height-default elementor-section-height-default\" data-id=\"432930b\" data-element_type=\"section\" data-settings=\"{&quot;background_background&quot;:&quot;classic&quot;}\">\n\t\t\t\t\t\t<div class=\"elementor-container elementor-column-gap-default\">\n\t\t\t\t\t<div class=\"elementor-column elementor-col-100 elementor-top-column elementor-element elementor-element-168af68a\" data-id=\"168af68a\" data-element_type=\"column\">\n\t\t\t<div class=\"elementor-widget-wrap elementor-element-populated\">\n\t\t\t\t\t\t\t\t<section class=\"elementor-section elementor-inner-section elementor-element elementor-element-7278cf88 elementor-section-boxed elementor-section-height-default elementor-section-height-default\" data-id=\"7278cf88\" data-element_type=\"section\">\n\t\t\t\t\t\t<div class=\"elementor-container elementor-column-gap-default\">\n\t\t\t\t\t<div class=\"elementor-column elementor-col-50 elementor-inner-column elementor-element elementor-element-9eb023b\" data-id=\"9eb023b\" data-element_type=\"column\">\n\t\t\t<div class=\"elementor-widget-wrap elementor-element-populated\">\n\t\t\t\t\t\t\t\t<div class=\"elementor-element elementor-element-2e079af5 elementor-widget elementor-widget-image\" data-id=\"2e079af5\" data-element_type=\"widget\" data-widget_type=\"image.default\">\n\t\t\t\t<div class=\"elementor-widget-container\">\n\t\t\t\t\t\t\t\t\t\t\t\t\t\t\t<img decoding=\"async\" width=\"800\" height=\"404\" src=\"https:\/\/www.aircargo-transport.eu\/discovery\/wp-content\/uploads\/2025\/01\/aircargo-image-plane-and-truck.webp\" class=\"attachment-large size-large wp-image-731\" alt=\"\" srcset=\"https:\/\/www.aircargo-transport.eu\/discovery\/wp-content\/uploads\/2025\/01\/aircargo-image-plane-and-truck.webp 800w, https:\/\/www.aircargo-transport.eu\/discovery\/wp-content\/uploads\/2025\/01\/aircargo-image-plane-and-truck-768x388.webp 768w\" sizes=\"(max-width: 800px) 100vw, 800px\" \/>\t\t\t\t\t\t\t\t\t\t\t\t\t\t\t<\/div>\n\t\t\t\t<\/div>\n\t\t\t\t\t<\/div>\n\t\t<\/div>\n\t\t\t\t<div class=\"elementor-column elementor-col-50 elementor-inner-column elementor-element elementor-element-b403be2\" data-id=\"b403be2\" data-element_type=\"column\">\n\t\t\t<div class=\"elementor-widget-wrap elementor-element-populated\">\n\t\t\t\t\t\t\t\t<div class=\"elementor-element elementor-element-22b04614 elementor-widget elementor-widget-text-editor\" data-id=\"22b04614\" data-element_type=\"widget\" data-widget_type=\"text-editor.default\">\n\t\t\t\t<div class=\"elementor-widget-container\">\n\t\t\t\t\t\t\t<h3>Sind Sie bereit f\u00fcr einen Versand zum oder vom Flughafen Hamburg?<\/h3><p>Fordern Sie noch heute ein kostenloses, individuelles Angebot an und entdecken Sie, wie <strong>Aircargo Transport<\/strong> Ihre Sendungen rationalisieren kann:<\/p>\t\t\t\t\t\t<\/div>\n\t\t\t\t<\/div>\n\t\t\t\t<div class=\"elementor-element elementor-element-2eb8bc33 elementor-icon-list--layout-inline elementor-list-item-link-full_width elementor-widget elementor-widget-icon-list\" data-id=\"2eb8bc33\" data-element_type=\"widget\" data-widget_type=\"icon-list.default\">\n\t\t\t\t<div class=\"elementor-widget-container\">\n\t\t\t<link rel=\"stylesheet\" href=\"https:\/\/www.aircargo-transport.eu\/discovery\/wp-content\/plugins\/elementor\/assets\/css\/widget-icon-list.min.css\">\t\t<ul class=\"elementor-icon-list-items elementor-inline-items\">\n\t\t\t\t\t\t\t<li class=\"elementor-icon-list-item elementor-inline-item\">\n\t\t\t\t\t\t\t\t\t\t\t<span class=\"elementor-icon-list-icon\">\n\t\t\t\t\t\t\t<i aria-hidden=\"true\" class=\"fas fa-phone-alt\"><\/i>\t\t\t\t\t\t<\/span>\n\t\t\t\t\t\t\t\t\t\t<span class=\"elementor-icon-list-text\">+49 (0) 28 22 \u2013 981930 <\/span>\n\t\t\t\t\t\t\t\t\t<\/li>\n\t\t\t\t\t\t\t\t<li class=\"elementor-icon-list-item elementor-inline-item\">\n\t\t\t\t\t\t\t\t\t\t\t<span class=\"elementor-icon-list-icon\">\n\t\t\t\t\t\t\t<i aria-hidden=\"true\" class=\"fas fa-envelope\"><\/i>\t\t\t\t\t\t<\/span>\n\t\t\t\t\t\t\t\t\t\t<span class=\"elementor-icon-list-text\">sales@aircargo-transport.eu<\/span>\n\t\t\t\t\t\t\t\t\t<\/li>\n\t\t\t\t\t\t<\/ul>\n\t\t\t\t<\/div>\n\t\t\t\t<\/div>\n\t\t\t\t\t<\/div>\n\t\t<\/div>\n\t\t\t\t\t\t\t<\/div>\n\t\t<\/section>\n\t\t\t\t\t<\/div>\n\t\t<\/div>\n\t\t\t\t\t\t\t<\/div>\n\t\t<\/section>\n\t\t\t\t\t\t\t<\/div>\n\t\t","protected":false},"excerpt":{"rendered":"<p>Frachttransporte vom und zum Flughafen Hamburg (HAM) Hamburg Airport (HAM) ist ein wichtiger Logistikknotenpunkt in Norddeutschland, strategisch g\u00fcnstig gelegen am Tor zu Europa. Mit seiner modernen Infrastruktur, den umfangreichen Flugverbindungen und der N\u00e4he zu den gro\u00dfen europ\u00e4ischen M\u00e4rkten spielt der Flughafen Hamburg eine wichtige Rolle bei der Erm\u00f6glichung effizienter Frachttransportdienste. Er dient als Schl\u00fcsselstelle f\u00fcr [&hellip;]<\/p>\n","protected":false},"author":1,"featured_media":0,"parent":0,"menu_order":0,"comment_status":"closed","ping_status":"closed","template":"","meta":{"footnotes":""},"_links":{"self":[{"href":"https:\/\/www.aircargo-transport.eu\/discovery\/wp-json\/wp\/v2\/pages\/1646"}],"collection":[{"href":"https:\/\/www.aircargo-transport.eu\/discovery\/wp-json\/wp\/v2\/pages"}],"about":[{"href":"https:\/\/www.aircargo-transport.eu\/discovery\/wp-json\/wp\/v2\/types\/page"}],"author":[{"embeddable":true,"href":"https:\/\/www.aircargo-transport.eu\/discovery\/wp-json\/wp\/v2\/users\/1"}],"replies":[{"embeddable":true,"href":"https:\/\/www.aircargo-transport.eu\/discovery\/wp-json\/wp\/v2\/comments?post=1646"}],"version-history":[{"count":7,"href":"https:\/\/www.aircargo-transport.eu\/discovery\/wp-json\/wp\/v2\/pages\/1646\/revisions"}],"predecessor-version":[{"id":1654,"href":"https:\/\/www.aircargo-transport.eu\/discovery\/wp-json\/wp\/v2\/pages\/1646\/revisions\/1654"}],"wp:attachment":[{"href":"https:\/\/www.aircargo-transport.eu\/discovery\/wp-json\/wp\/v2\/media?parent=1646"}],"curies":[{"name":"wp","href":"https:\/\/api.w.org\/{rel}","templated":true}]}}