{"id":1736,"date":"2025-03-20T07:35:54","date_gmt":"2025-03-20T07:35:54","guid":{"rendered":"https:\/\/www.aircargo-transport.eu\/discovery\/?page_id=1736"},"modified":"2025-03-20T07:55:08","modified_gmt":"2025-03-20T07:55:08","slug":"karriere","status":"publish","type":"page","link":"https:\/\/www.aircargo-transport.eu\/discovery\/karriere\/","title":{"rendered":"Karriere"},"content":{"rendered":"\t\t<div data-elementor-type=\"wp-page\" data-elementor-id=\"1736\" class=\"elementor elementor-1736\">\n\t\t\t\t\t\t\t\t\t<section class=\"elementor-section elementor-top-section elementor-element elementor-element-bbae4bc elementor-section-height-min-height elementor-section-boxed elementor-section-height-default elementor-section-items-middle\" data-id=\"bbae4bc\" data-element_type=\"section\" data-settings=\"{&quot;background_background&quot;:&quot;slideshow&quot;,&quot;background_slideshow_gallery&quot;:[{&quot;id&quot;:191,&quot;url&quot;:&quot;https:\\\/\\\/www.aircargo-transport.eu\\\/discovery\\\/wp-content\\\/uploads\\\/2018\\\/06\\\/slider_stellenangebote_aircargo_02.jpg&quot;},{&quot;id&quot;:190,&quot;url&quot;:&quot;https:\\\/\\\/www.aircargo-transport.eu\\\/discovery\\\/wp-content\\\/uploads\\\/2018\\\/06\\\/slider_stellenangebote_aircargo_01.jpg&quot;}],&quot;background_slideshow_loop&quot;:&quot;yes&quot;,&quot;background_slideshow_slide_duration&quot;:5000,&quot;background_slideshow_slide_transition&quot;:&quot;fade&quot;,&quot;background_slideshow_transition_duration&quot;:500}\">\n\t\t\t\t\t\t\t<div class=\"elementor-background-overlay\"><\/div>\n\t\t\t\t\t\t\t<div class=\"elementor-container elementor-column-gap-default\">\n\t\t\t\t\t<div class=\"elementor-column elementor-col-100 elementor-top-column elementor-element elementor-element-f8a02d4\" data-id=\"f8a02d4\" data-element_type=\"column\">\n\t\t\t<div class=\"elementor-widget-wrap\">\n\t\t\t\t\t\t\t\t\t<\/div>\n\t\t<\/div>\n\t\t\t\t\t\t\t<\/div>\n\t\t<\/section>\n\t\t\t\t<section class=\"elementor-section elementor-top-section elementor-element elementor-element-71651e6 elementor-section-boxed elementor-section-height-default elementor-section-height-default\" data-id=\"71651e6\" data-element_type=\"section\">\n\t\t\t\t\t\t<div class=\"elementor-container elementor-column-gap-default\">\n\t\t\t\t\t<div class=\"elementor-column elementor-col-100 elementor-top-column elementor-element elementor-element-0bc60ce\" data-id=\"0bc60ce\" data-element_type=\"column\">\n\t\t\t<div class=\"elementor-widget-wrap elementor-element-populated\">\n\t\t\t\t\t\t\t\t<div class=\"elementor-element elementor-element-fbb11d0 elementor-widget elementor-widget-heading\" data-id=\"fbb11d0\" data-element_type=\"widget\" data-widget_type=\"heading.default\">\n\t\t\t\t<div class=\"elementor-widget-container\">\n\t\t\t<style>\/*! elementor - v3.13.3 - 28-05-2023 *\/\n.elementor-heading-title{padding:0;margin:0;line-height:1}.elementor-widget-heading .elementor-heading-title[class*=elementor-size-]>a{color:inherit;font-size:inherit;line-height:inherit}.elementor-widget-heading .elementor-heading-title.elementor-size-small{font-size:15px}.elementor-widget-heading .elementor-heading-title.elementor-size-medium{font-size:19px}.elementor-widget-heading .elementor-heading-title.elementor-size-large{font-size:29px}.elementor-widget-heading .elementor-heading-title.elementor-size-xl{font-size:39px}.elementor-widget-heading .elementor-heading-title.elementor-size-xxl{font-size:59px}<\/style><h1 class=\"elementor-heading-title elementor-size-default\">JOBS  bei Aircargo Transport GmbH<\/h1>\t\t<\/div>\n\t\t\t\t<\/div>\n\t\t\t\t<div class=\"elementor-element elementor-element-a566baa elementor-widget elementor-widget-text-editor\" data-id=\"a566baa\" data-element_type=\"widget\" data-widget_type=\"text-editor.default\">\n\t\t\t\t<div class=\"elementor-widget-container\">\n\t\t\t<style>\/*! elementor - v3.13.3 - 28-05-2023 *\/\n.elementor-widget-text-editor.elementor-drop-cap-view-stacked .elementor-drop-cap{background-color:#69727d;color:#fff}.elementor-widget-text-editor.elementor-drop-cap-view-framed .elementor-drop-cap{color:#69727d;border:3px solid;background-color:transparent}.elementor-widget-text-editor:not(.elementor-drop-cap-view-default) .elementor-drop-cap{margin-top:8px}.elementor-widget-text-editor:not(.elementor-drop-cap-view-default) .elementor-drop-cap-letter{width:1em;height:1em}.elementor-widget-text-editor .elementor-drop-cap{float:left;text-align:center;line-height:1;font-size:50px}.elementor-widget-text-editor .elementor-drop-cap-letter{display:inline-block}<\/style>\t\t\t\t<p class=\"p2\"><span class=\"s2\"><b>Aircargo Transport GmbH <\/b><\/span>transportiert mit <span class=\"s2\"><b>80 Trucks <\/b><\/span>an 365 Tagen im Jahr Luftfracht, Pharmaka und hochwertige G\u00fcter durch ganz Europa und dar\u00fcber hinaus. Unsere Kundschaft sind gro\u00dfe Airlines, Logistik- und Expressdienstleister und die Industrie.<\/p><p class=\"p3\">Wir wachsen und suchen engagierte und dynamische Menschen, die Spa\u00df an Planung, Organisation, Kommunikation und Innovationen haben und mit anpacken wollen.<\/p>\t\t\t\t\t\t<\/div>\n\t\t\t\t<\/div>\n\t\t\t\t\t<\/div>\n\t\t<\/div>\n\t\t\t\t\t\t\t<\/div>\n\t\t<\/section>\n\t\t\t\t<section class=\"elementor-section elementor-top-section elementor-element elementor-element-7a8aef8 elementor-section-boxed elementor-section-height-default elementor-section-height-default\" data-id=\"7a8aef8\" data-element_type=\"section\" data-settings=\"{&quot;background_background&quot;:&quot;classic&quot;}\">\n\t\t\t\t\t\t<div class=\"elementor-container elementor-column-gap-default\">\n\t\t\t\t\t<div class=\"elementor-column elementor-col-100 elementor-top-column elementor-element elementor-element-e1aa207\" data-id=\"e1aa207\" data-element_type=\"column\">\n\t\t\t<div class=\"elementor-widget-wrap elementor-element-populated\">\n\t\t\t\t\t\t\t\t<div class=\"elementor-element elementor-element-e1cde48 elementor-widget elementor-widget-heading\" data-id=\"e1cde48\" data-element_type=\"widget\" data-widget_type=\"heading.default\">\n\t\t\t\t<div class=\"elementor-widget-container\">\n\t\t\t<h3 class=\"elementor-heading-title elementor-size-default\">Aktuell suchen wir:<\/h3>\t\t<\/div>\n\t\t\t\t<\/div>\n\t\t\t\t\t<\/div>\n\t\t<\/div>\n\t\t\t\t\t\t\t<\/div>\n\t\t<\/section>\n\t\t\t\t<section class=\"elementor-section elementor-top-section elementor-element elementor-element-9c411c1 elementor-section-boxed elementor-section-height-default elementor-section-height-default\" data-id=\"9c411c1\" data-element_type=\"section\">\n\t\t\t\t\t\t<div class=\"elementor-container elementor-column-gap-default\">\n\t\t\t\t\t<div class=\"elementor-column elementor-col-100 elementor-top-column elementor-element elementor-element-2a96ae3\" data-id=\"2a96ae3\" data-element_type=\"column\">\n\t\t\t<div class=\"elementor-widget-wrap elementor-element-populated\">\n\t\t\t\t\t\t\t\t<div class=\"elementor-element elementor-element-03e1946 elementor-widget elementor-widget-accordion\" data-id=\"03e1946\" data-element_type=\"widget\" data-widget_type=\"accordion.default\">\n\t\t\t\t<div class=\"elementor-widget-container\">\n\t\t\t<style>\/*! elementor - v3.13.3 - 28-05-2023 *\/\n.elementor-accordion{text-align:left}.elementor-accordion .elementor-accordion-item{border:1px solid #d5d8dc}.elementor-accordion .elementor-accordion-item+.elementor-accordion-item{border-top:none}.elementor-accordion .elementor-tab-title{margin:0;padding:15px 20px;font-weight:700;line-height:1;cursor:pointer;outline:none}.elementor-accordion .elementor-tab-title .elementor-accordion-icon{display:inline-block;width:1.5em}.elementor-accordion .elementor-tab-title .elementor-accordion-icon svg{width:1em;height:1em}.elementor-accordion .elementor-tab-title .elementor-accordion-icon.elementor-accordion-icon-right{float:right;text-align:right}.elementor-accordion .elementor-tab-title .elementor-accordion-icon.elementor-accordion-icon-left{float:left;text-align:left}.elementor-accordion .elementor-tab-title .elementor-accordion-icon .elementor-accordion-icon-closed{display:block}.elementor-accordion .elementor-tab-title .elementor-accordion-icon .elementor-accordion-icon-opened,.elementor-accordion .elementor-tab-title.elementor-active .elementor-accordion-icon-closed{display:none}.elementor-accordion .elementor-tab-title.elementor-active .elementor-accordion-icon-opened{display:block}.elementor-accordion .elementor-tab-content{display:none;padding:15px 20px;border-top:1px solid #d5d8dc}@media (max-width:767px){.elementor-accordion .elementor-tab-title{padding:12px 15px}.elementor-accordion .elementor-tab-title .elementor-accordion-icon{width:1.2em}.elementor-accordion .elementor-tab-content{padding:7px 15px}}.e-con-inner>.elementor-widget-accordion,.e-con>.elementor-widget-accordion{width:var(--container-widget-width);--flex-grow:var(--container-widget-flex-grow)}<\/style>\t\t<div class=\"elementor-accordion\" role=\"tablist\">\n\t\t\t\t\t\t\t<div class=\"elementor-accordion-item\">\n\t\t\t\t\t<div id=\"elementor-tab-title-4061\" class=\"elementor-tab-title\" data-tab=\"1\" role=\"tab\" aria-controls=\"elementor-tab-content-4061\" aria-expanded=\"false\">\n\t\t\t\t\t\t\t\t\t\t\t\t\t<span class=\"elementor-accordion-icon elementor-accordion-icon-left\" aria-hidden=\"true\">\n\t\t\t\t\t\t\t\t\t\t\t\t\t\t\t<span class=\"elementor-accordion-icon-closed\"><i class=\"fas fa-plus\"><\/i><\/span>\n\t\t\t\t\t\t\t\t<span class=\"elementor-accordion-icon-opened\"><i class=\"fas fa-minus\"><\/i><\/span>\n\t\t\t\t\t\t\t\t\t\t\t\t\t\t<\/span>\n\t\t\t\t\t\t\t\t\t\t\t\t<a class=\"elementor-accordion-title\" href=\"\">FLEET SUPPORT (M\/W\/D) In Vollzeit<\/a>\n\t\t\t\t\t<\/div>\n\t\t\t\t\t<div id=\"elementor-tab-content-4061\" class=\"elementor-tab-content elementor-clearfix\" data-tab=\"1\" role=\"tabpanel\" aria-labelledby=\"elementor-tab-title-4061\"><h3>Deine Aufgaben<\/h3><ul><li>Du bist der administrative Kopf im Team Fleet<\/li><li>Stammdatenpflege und Terminverwaltung fu\u0308r die gesamte Flotte (ca. 160 Einheiten)<\/li><li>Dokumentenverwaltung sowie Genehmigungen und Servicekarten beantragen<\/li><li>Servicetermine und Reparaturdaten vereinbaren, erfassen und auswerten<\/li><\/ul><h3>Deine Skills<\/h3><ul><li>Kaufm\u00e4nnische Ausbildung und umfangreiche IT-Kenntnisse (MS-Office u.a.)<\/li><li>Organisationstalent und l\u00e4sst die Dinge nicht liegen, sondern packst mit an<\/li><li>Kaufm\u00e4nnisches Know How und Verhandlungsgeschick<\/li><li>Als Teamplayer arbeitest du eng mit vielen Kollegen zusammen<\/li><\/ul><p>\u00a0<\/p><p class=\"p2\"><b>HABEN WIR DEIN INTERESSE GEWECKT? DANN Z\u00d6GERE NICHT<\/b><b> UND BEWIRB DICH JETZT, UM TEIL UNSERES TEAMS ZU WERDEN!<br \/><\/b><a href=\"mailto:bewerbung@aircargo-transport.eu\"><b>bewerbung@aircargo-transport.eu <\/b><\/a><\/p><\/div>\n\t\t\t\t<\/div>\n\t\t\t\t\t\t\t<div class=\"elementor-accordion-item\">\n\t\t\t\t\t<div id=\"elementor-tab-title-4062\" class=\"elementor-tab-title\" data-tab=\"2\" role=\"tab\" aria-controls=\"elementor-tab-content-4062\" aria-expanded=\"false\">\n\t\t\t\t\t\t\t\t\t\t\t\t\t<span class=\"elementor-accordion-icon elementor-accordion-icon-left\" aria-hidden=\"true\">\n\t\t\t\t\t\t\t\t\t\t\t\t\t\t\t<span class=\"elementor-accordion-icon-closed\"><i class=\"fas fa-plus\"><\/i><\/span>\n\t\t\t\t\t\t\t\t<span class=\"elementor-accordion-icon-opened\"><i class=\"fas fa-minus\"><\/i><\/span>\n\t\t\t\t\t\t\t\t\t\t\t\t\t\t<\/span>\n\t\t\t\t\t\t\t\t\t\t\t\t<a class=\"elementor-accordion-title\" href=\"\">FLEET SUPERVISOR (M\/W\/D) In Vollzeit<\/a>\n\t\t\t\t\t<\/div>\n\t\t\t\t\t<div id=\"elementor-tab-content-4062\" class=\"elementor-tab-content elementor-clearfix\" data-tab=\"2\" role=\"tabpanel\" aria-labelledby=\"elementor-tab-title-4062\"><h3>Deine Aufgaben<\/h3><ul><li>Du organisierst die Werkstatttermine fu\u0308r die gesamte Flotte von Trucks und Trailer<\/li><li>Du steuerst die administrativen Prozesse mit Unterstu\u0308tzung eines weiteren Kollegen<\/li><li>Ausru\u0308stungen und Ersatzteile fu\u0308r die Flotte up-to-date halten<\/li><li>Werkstattrechnungen kontrollieren und Verbrauchsdaten auswerten<\/li><li>Mitwirken bei der weiteren Digitalisierung der Prozesse und Elektrifizierung der Trucks<\/li><\/ul><h3>Deine Skills<\/h3><ul><li>Ausbildung zum Kraftverkehrsmeister oder vergleichbar sowie FS Klasse C+CE<\/li><li>Organisationstalent und l\u00e4sst die Dinge nicht liegen, sondern packst mit an<\/li><li>Kaufm\u00e4nnisches Know How und Verhandlungsgeschick<\/li><li>Als Teamplayer arbeitest du eng mit der Disposition und der Gesch\u00e4ftsleitung zusammen<\/li><li>Du begeisterst dich fu\u0308r neue Antriebstechnologien und weitere Innovationen<\/li><\/ul><p>\u00a0<\/p><p class=\"p2\"><b>HABEN WIR DEIN INTERESSE GEWECKT? DANN Z\u00d6GERE NICHT<\/b><b> UND BEWIRB DICH JETZT, UM TEIL UNSERES TEAMS ZU WERDEN!<br \/><\/b><a href=\"mailto:bewerbung@aircargo-transport.eu\"><b>bewerbung@aircargo-transport.eu<\/b><\/a><\/p><p>\u00a0<\/p><\/div>\n\t\t\t\t<\/div>\n\t\t\t\t\t\t\t<div class=\"elementor-accordion-item\">\n\t\t\t\t\t<div id=\"elementor-tab-title-4063\" class=\"elementor-tab-title\" data-tab=\"3\" role=\"tab\" aria-controls=\"elementor-tab-content-4063\" aria-expanded=\"false\">\n\t\t\t\t\t\t\t\t\t\t\t\t\t<span class=\"elementor-accordion-icon elementor-accordion-icon-left\" aria-hidden=\"true\">\n\t\t\t\t\t\t\t\t\t\t\t\t\t\t\t<span class=\"elementor-accordion-icon-closed\"><i class=\"fas fa-plus\"><\/i><\/span>\n\t\t\t\t\t\t\t\t<span class=\"elementor-accordion-icon-opened\"><i class=\"fas fa-minus\"><\/i><\/span>\n\t\t\t\t\t\t\t\t\t\t\t\t\t\t<\/span>\n\t\t\t\t\t\t\t\t\t\t\t\t<a class=\"elementor-accordion-title\" href=\"\">HUMAN RESOURCE MANAGER (M\/W\/D) Teilzeit od. Vollzeit<\/a>\n\t\t\t\t\t<\/div>\n\t\t\t\t\t<div id=\"elementor-tab-content-4063\" class=\"elementor-tab-content elementor-clearfix\" data-tab=\"3\" role=\"tabpanel\" aria-labelledby=\"elementor-tab-title-4063\"><h3>Deine Aufgaben<\/h3><ul><li>Kaufm\u00e4nnischen und gewerblichen Personalbedarf evaluieren und rekrutieren<\/li><li>Personalwesen u\u0308berwachen, steuern und zukunftsf\u00e4hig machen<\/li><li>Personaleinsatzplanung mit Hilfe moderner Workforce-Management Software<\/li><li>Schulungen und Weiterbildungen organisieren<\/li><li>Feedback-Gespr\u00e4che fu\u0308hren, Arbeitsvertr\u00e4ge gestalten, ggfls. Sanktionen umsetzen<\/li><\/ul><h3>Deine Skills<\/h3><ul><li>Studium der Betriebswirtschaft mit Schwerpunkt HR oder eine vergleichbare Ausbildung<\/li><li>Erste Berufserfahrung als HR-Manager und im Recruiting<\/li><li>Sehr gute Kenntnisse im Arbeits- und Sozialversicherungsrecht<\/li><li>Empathie und sehr gute Kommunikationsf\u00e4higkeiten mit dem Talent, vertrauensvolle Beziehungen zu unseren Fu\u0308hrungskr\u00e4ften und ihren Teams aufzubauen<\/li><li>Sympathisches und souver\u00e4nes Auftreten, durchsetzungsstark<\/li><li>Flie\u00dfende Deutsch- und Englischkenntnisse<\/li><li>Talent mit Menschen umzugehen und bist ein Teamplayer<\/li><\/ul><p class=\"p2\"><b>HABEN WIR DEIN INTERESSE GEWECKT? DANN Z\u00d6GERE NICHT<\/b><b> UND BEWIRB DICH JETZT, UM TEIL UNSERES TEAMS ZU WERDEN!<br \/><\/b><a href=\"mailto:bewerbung@aircargo-transport.eu\"><b>bewerbung@aircargo-transport.eu<\/b><\/a><\/p><\/div>\n\t\t\t\t<\/div>\n\t\t\t\t\t\t\t\t<\/div>\n\t\t\t\t<\/div>\n\t\t\t\t<\/div>\n\t\t\t\t<div class=\"elementor-element elementor-element-99bf3a3 elementor-widget elementor-widget-html\" data-id=\"99bf3a3\" data-element_type=\"widget\" data-widget_type=\"html.default\">\n\t\t\t\t<div class=\"elementor-widget-container\">\n\t\t\t<script> \njQuery(document).ready(function($) { \nvar delay = 500; setTimeout(function() { \n$('.elementor-tab-title').removeClass('elementor-active');\n $('.elementor-tab-content').css('display', 'none'); }, delay); \n}); \n<\/script>\t\t<\/div>\n\t\t\t\t<\/div>\n\t\t\t\t\t<\/div>\n\t\t<\/div>\n\t\t\t\t\t\t\t<\/div>\n\t\t<\/section>\n\t\t\t\t<section class=\"elementor-section elementor-top-section elementor-element elementor-element-e044ab5 elementor-section-boxed elementor-section-height-default elementor-section-height-default\" data-id=\"e044ab5\" data-element_type=\"section\" data-settings=\"{&quot;background_background&quot;:&quot;classic&quot;}\">\n\t\t\t\t\t\t<div class=\"elementor-container elementor-column-gap-default\">\n\t\t\t\t\t<div class=\"elementor-column elementor-col-100 elementor-top-column elementor-element elementor-element-88878e9\" data-id=\"88878e9\" data-element_type=\"column\">\n\t\t\t<div class=\"elementor-widget-wrap elementor-element-populated\">\n\t\t\t\t\t\t\t\t<div class=\"elementor-element elementor-element-b8583c4 elementor-widget elementor-widget-heading\" data-id=\"b8583c4\" data-element_type=\"widget\" data-widget_type=\"heading.default\">\n\t\t\t\t<div class=\"elementor-widget-container\">\n\t\t\t<h3 class=\"elementor-heading-title elementor-size-default\">Wir freuen uns auf deine Bewerbung<\/h3>\t\t<\/div>\n\t\t\t\t<\/div>\n\t\t\t\t\t<\/div>\n\t\t<\/div>\n\t\t\t\t\t\t\t<\/div>\n\t\t<\/section>\n\t\t\t\t\t\t\t<\/div>\n\t\t","protected":false},"excerpt":{"rendered":"<p>JOBS bei Aircargo Transport GmbH Aircargo Transport GmbH transportiert mit 80 Trucks an 365 Tagen im Jahr Luftfracht, Pharmaka und hochwertige G\u00fcter durch ganz Europa und dar\u00fcber hinaus. Unsere Kundschaft sind gro\u00dfe Airlines, Logistik- und Expressdienstleister und die Industrie. Wir wachsen und suchen engagierte und dynamische Menschen, die Spa\u00df an Planung, Organisation, Kommunikation und Innovationen [&hellip;]<\/p>\n","protected":false},"author":1,"featured_media":0,"parent":0,"menu_order":0,"comment_status":"closed","ping_status":"closed","template":"","meta":{"footnotes":""},"_links":{"self":[{"href":"https:\/\/www.aircargo-transport.eu\/discovery\/wp-json\/wp\/v2\/pages\/1736"}],"collection":[{"href":"https:\/\/www.aircargo-transport.eu\/discovery\/wp-json\/wp\/v2\/pages"}],"about":[{"href":"https:\/\/www.aircargo-transport.eu\/discovery\/wp-json\/wp\/v2\/types\/page"}],"author":[{"embeddable":true,"href":"https:\/\/www.aircargo-transport.eu\/discovery\/wp-json\/wp\/v2\/users\/1"}],"replies":[{"embeddable":true,"href":"https:\/\/www.aircargo-transport.eu\/discovery\/wp-json\/wp\/v2\/comments?post=1736"}],"version-history":[{"count":10,"href":"https:\/\/www.aircargo-transport.eu\/discovery\/wp-json\/wp\/v2\/pages\/1736\/revisions"}],"predecessor-version":[{"id":1747,"href":"https:\/\/www.aircargo-transport.eu\/discovery\/wp-json\/wp\/v2\/pages\/1736\/revisions\/1747"}],"wp:attachment":[{"href":"https:\/\/www.aircargo-transport.eu\/discovery\/wp-json\/wp\/v2\/media?parent=1736"}],"curies":[{"name":"wp","href":"https:\/\/api.w.org\/{rel}","templated":true}]}}