{"id":1753,"date":"2025-03-20T08:32:58","date_gmt":"2025-03-20T08:32:58","guid":{"rendered":"https:\/\/www.aircargo-transport.eu\/discovery\/?page_id=1753"},"modified":"2025-03-20T08:35:38","modified_gmt":"2025-03-20T08:35:38","slug":"flotte","status":"publish","type":"page","link":"https:\/\/www.aircargo-transport.eu\/discovery\/flotte\/","title":{"rendered":"Flotte"},"content":{"rendered":"\t\t<div data-elementor-type=\"wp-page\" data-elementor-id=\"1753\" class=\"elementor elementor-1753\">\n\t\t\t\t\t\t\t\t\t<section class=\"elementor-section elementor-top-section elementor-element elementor-element-b96f3ae elementor-section-full_width elementor-section-height-min-height elementor-section-height-default elementor-section-items-middle\" data-id=\"b96f3ae\" data-element_type=\"section\" data-settings=\"{&quot;background_background&quot;:&quot;classic&quot;}\">\n\t\t\t\t\t\t\t<div class=\"elementor-background-overlay\"><\/div>\n\t\t\t\t\t\t\t<div class=\"elementor-container elementor-column-gap-no\">\n\t\t\t\t\t<div class=\"elementor-column elementor-col-100 elementor-top-column elementor-element elementor-element-2bab50c\" data-id=\"2bab50c\" data-element_type=\"column\">\n\t\t\t<div class=\"elementor-widget-wrap\">\n\t\t\t\t\t\t\t\t\t<\/div>\n\t\t<\/div>\n\t\t\t\t\t\t\t<\/div>\n\t\t<\/section>\n\t\t\t\t<section class=\"elementor-section elementor-top-section elementor-element elementor-element-41a79b5 elementor-section-boxed elementor-section-height-default elementor-section-height-default\" data-id=\"41a79b5\" data-element_type=\"section\">\n\t\t\t\t\t\t<div class=\"elementor-container elementor-column-gap-default\">\n\t\t\t\t\t<div class=\"elementor-column elementor-col-100 elementor-top-column elementor-element elementor-element-3e7771e\" data-id=\"3e7771e\" data-element_type=\"column\">\n\t\t\t<div class=\"elementor-widget-wrap elementor-element-populated\">\n\t\t\t\t\t\t\t\t<div class=\"elementor-element elementor-element-aeba6b2 elementor-widget elementor-widget-heading\" data-id=\"aeba6b2\" data-element_type=\"widget\" data-widget_type=\"heading.default\">\n\t\t\t\t<div class=\"elementor-widget-container\">\n\t\t\t<style>\/*! elementor - v3.13.3 - 28-05-2023 *\/\n.elementor-heading-title{padding:0;margin:0;line-height:1}.elementor-widget-heading .elementor-heading-title[class*=elementor-size-]>a{color:inherit;font-size:inherit;line-height:inherit}.elementor-widget-heading .elementor-heading-title.elementor-size-small{font-size:15px}.elementor-widget-heading .elementor-heading-title.elementor-size-medium{font-size:19px}.elementor-widget-heading .elementor-heading-title.elementor-size-large{font-size:29px}.elementor-widget-heading .elementor-heading-title.elementor-size-xl{font-size:39px}.elementor-widget-heading .elementor-heading-title.elementor-size-xxl{font-size:59px}<\/style><h1 class=\"elementor-heading-title elementor-size-default\">Unsere Flotte - FLEET - sicher und p\u00fcnktlich<\/h1>\t\t<\/div>\n\t\t\t\t<\/div>\n\t\t\t\t<section class=\"elementor-section elementor-inner-section elementor-element elementor-element-c8b1e1a elementor-section-content-middle elementor-section-boxed elementor-section-height-default elementor-section-height-default\" data-id=\"c8b1e1a\" data-element_type=\"section\">\n\t\t\t\t\t\t<div class=\"elementor-container elementor-column-gap-default\">\n\t\t\t\t\t<div class=\"elementor-column elementor-col-50 elementor-inner-column elementor-element elementor-element-24c348a\" data-id=\"24c348a\" data-element_type=\"column\">\n\t\t\t<div class=\"elementor-widget-wrap elementor-element-populated\">\n\t\t\t\t\t\t\t\t<div class=\"elementor-element elementor-element-3b8fb09 elementor-widget elementor-widget-text-editor\" data-id=\"3b8fb09\" data-element_type=\"widget\" data-widget_type=\"text-editor.default\">\n\t\t\t\t<div class=\"elementor-widget-container\">\n\t\t\t<style>\/*! elementor - v3.13.3 - 28-05-2023 *\/\n.elementor-widget-text-editor.elementor-drop-cap-view-stacked .elementor-drop-cap{background-color:#69727d;color:#fff}.elementor-widget-text-editor.elementor-drop-cap-view-framed .elementor-drop-cap{color:#69727d;border:3px solid;background-color:transparent}.elementor-widget-text-editor:not(.elementor-drop-cap-view-default) .elementor-drop-cap{margin-top:8px}.elementor-widget-text-editor:not(.elementor-drop-cap-view-default) .elementor-drop-cap-letter{width:1em;height:1em}.elementor-widget-text-editor .elementor-drop-cap{float:left;text-align:center;line-height:1;font-size:50px}.elementor-widget-text-editor .elementor-drop-cap-letter{display:inline-block}<\/style>\t\t\t\t<h3>Eine moderne Flotte garantiert Zuverl\u00e4ssigkeit<\/h3><p>Durch Investitionen in die neueste Technologie und mit einem Durchschnittsalter von 2,5 Jahren\u00a0 ist unsere Flotte hochmodern. \u00a0Alle Lkw haben die Euro VI-Norm erf\u00fcllt und sind mit einem Bordcomputer ausgestattet, der mit unserem \u201eHigh Tech Transport Management System\u201c verbunden ist. So k\u00f6nnen wir jederzeit mit unseren Fahrern kommunizieren. Au\u00dferdem k\u00f6nnen unsere Planer (das so genannte \u201eFleet Watch Team\u201c) den genauen Standort des Lkw und damit Ihrer Ladung sehen. Alle zwei Sekunden wird ein Signal \u00fcber den Bordcomputer des Fahrzeugs gesendet. Auf diese Weise kann man <strong>die Ankunftszeit Ihrer Ladung genau berechnen<\/strong> und das Fleet Watch Team kann den Lkw f\u00fcr den n\u00e4chsten Transport einplanen.<\/p>\t\t\t\t\t\t<\/div>\n\t\t\t\t<\/div>\n\t\t\t\t\t<\/div>\n\t\t<\/div>\n\t\t\t\t<div class=\"elementor-column elementor-col-50 elementor-inner-column elementor-element elementor-element-98bf777\" data-id=\"98bf777\" data-element_type=\"column\">\n\t\t\t<div class=\"elementor-widget-wrap elementor-element-populated\">\n\t\t\t\t\t\t\t\t<div class=\"elementor-element elementor-element-d7dd909 elementor-widget elementor-widget-image\" data-id=\"d7dd909\" data-element_type=\"widget\" data-widget_type=\"image.default\">\n\t\t\t\t<div class=\"elementor-widget-container\">\n\t\t\t<style>\/*! elementor - v3.13.3 - 28-05-2023 *\/\n.elementor-widget-image{text-align:center}.elementor-widget-image a{display:inline-block}.elementor-widget-image a img[src$=\".svg\"]{width:48px}.elementor-widget-image img{vertical-align:middle;display:inline-block}<\/style>\t\t\t\t\t\t\t\t\t\t\t\t<img decoding=\"async\" width=\"800\" height=\"404\" src=\"https:\/\/www.aircargo-transport.eu\/discovery\/wp-content\/uploads\/2025\/01\/image-fleet-history.webp\" class=\"attachment-large size-large wp-image-1139\" alt=\"\" srcset=\"https:\/\/www.aircargo-transport.eu\/discovery\/wp-content\/uploads\/2025\/01\/image-fleet-history.webp 800w, https:\/\/www.aircargo-transport.eu\/discovery\/wp-content\/uploads\/2025\/01\/image-fleet-history-768x388.webp 768w\" sizes=\"(max-width: 800px) 100vw, 800px\" \/>\t\t\t\t\t\t\t\t\t\t\t\t\t\t\t<\/div>\n\t\t\t\t<\/div>\n\t\t\t\t<div class=\"elementor-element elementor-element-c8a44e1 elementor-widget elementor-widget-text-editor\" data-id=\"c8a44e1\" data-element_type=\"widget\" data-widget_type=\"text-editor.default\">\n\t\t\t\t<div class=\"elementor-widget-container\">\n\t\t\t\t\t\t\t<p>Ein Aircargo Transport-LKW vor dem alten Flugsicherungsturm in Schiphol, Niederlande, in den fr\u00fchen 80er Jahren.<\/p>\t\t\t\t\t\t<\/div>\n\t\t\t\t<\/div>\n\t\t\t\t\t<\/div>\n\t\t<\/div>\n\t\t\t\t\t\t\t<\/div>\n\t\t<\/section>\n\t\t\t\t<section class=\"elementor-section elementor-inner-section elementor-element elementor-element-9547c0e elementor-section-content-middle elementor-section-boxed elementor-section-height-default elementor-section-height-default\" data-id=\"9547c0e\" data-element_type=\"section\">\n\t\t\t\t\t\t<div class=\"elementor-container elementor-column-gap-default\">\n\t\t\t\t\t<div class=\"elementor-column elementor-col-50 elementor-inner-column elementor-element elementor-element-1d1ebe1\" data-id=\"1d1ebe1\" data-element_type=\"column\">\n\t\t\t<div class=\"elementor-widget-wrap elementor-element-populated\">\n\t\t\t\t\t\t\t\t<div class=\"elementor-element elementor-element-7449203 elementor-widget elementor-widget-image\" data-id=\"7449203\" data-element_type=\"widget\" data-widget_type=\"image.default\">\n\t\t\t\t<div class=\"elementor-widget-container\">\n\t\t\t\t\t\t\t\t\t\t\t\t\t\t\t<img decoding=\"async\" width=\"800\" height=\"404\" src=\"https:\/\/www.aircargo-transport.eu\/discovery\/wp-content\/uploads\/2025\/01\/image-aircargo-truck.webp\" class=\"attachment-large size-large wp-image-1143\" alt=\"\" srcset=\"https:\/\/www.aircargo-transport.eu\/discovery\/wp-content\/uploads\/2025\/01\/image-aircargo-truck.webp 800w, https:\/\/www.aircargo-transport.eu\/discovery\/wp-content\/uploads\/2025\/01\/image-aircargo-truck-768x388.webp 768w\" sizes=\"(max-width: 800px) 100vw, 800px\" \/>\t\t\t\t\t\t\t\t\t\t\t\t\t\t\t<\/div>\n\t\t\t\t<\/div>\n\t\t\t\t\t<\/div>\n\t\t<\/div>\n\t\t\t\t<div class=\"elementor-column elementor-col-50 elementor-inner-column elementor-element elementor-element-63db94f\" data-id=\"63db94f\" data-element_type=\"column\">\n\t\t\t<div class=\"elementor-widget-wrap elementor-element-populated\">\n\t\t\t\t\t\t\t\t<div class=\"elementor-element elementor-element-76d08f0 elementor-widget elementor-widget-text-editor\" data-id=\"76d08f0\" data-element_type=\"widget\" data-widget_type=\"text-editor.default\">\n\t\t\t\t<div class=\"elementor-widget-container\">\n\t\t\t\t\t\t\t<p>Und vergessen Sie nicht: Wir verlieren unsere Lkw und Ihre Fracht nie aus den Augen, nicht einmal f\u00fcr einen Moment. Dar\u00fcber hinaus h\u00e4lt der Bordcomputer alle m\u00f6glichen n\u00fctzlichen Informationen fest: zum Beispiel, ob der Lkw wirtschaftlich f\u00e4hrt, welche Route er genommen hat, Lenk- und Ruhezeiten sowie Be- und Entladezeiten.<\/p>\t\t\t\t\t\t<\/div>\n\t\t\t\t<\/div>\n\t\t\t\t\t<\/div>\n\t\t<\/div>\n\t\t\t\t\t\t\t<\/div>\n\t\t<\/section>\n\t\t\t\t\t<\/div>\n\t\t<\/div>\n\t\t\t\t\t\t\t<\/div>\n\t\t<\/section>\n\t\t\t\t<section class=\"elementor-section elementor-top-section elementor-element elementor-element-a4126ab elementor-section-boxed elementor-section-height-default elementor-section-height-default\" data-id=\"a4126ab\" data-element_type=\"section\" data-settings=\"{&quot;background_background&quot;:&quot;classic&quot;}\">\n\t\t\t\t\t\t<div class=\"elementor-container elementor-column-gap-default\">\n\t\t\t\t\t<div class=\"elementor-column elementor-col-100 elementor-top-column elementor-element elementor-element-f5fc650\" data-id=\"f5fc650\" data-element_type=\"column\">\n\t\t\t<div class=\"elementor-widget-wrap elementor-element-populated\">\n\t\t\t\t\t\t\t\t<section class=\"elementor-section elementor-inner-section elementor-element elementor-element-f9438b5 elementor-section-content-middle elementor-section-boxed elementor-section-height-default elementor-section-height-default\" data-id=\"f9438b5\" data-element_type=\"section\">\n\t\t\t\t\t\t<div class=\"elementor-container elementor-column-gap-default\">\n\t\t\t\t\t<div class=\"elementor-column elementor-col-33 elementor-inner-column elementor-element elementor-element-d8da4ba elementor-invisible\" data-id=\"d8da4ba\" data-element_type=\"column\" data-settings=\"{&quot;animation&quot;:&quot;fadeInLeft&quot;}\">\n\t\t\t<div class=\"elementor-widget-wrap elementor-element-populated\">\n\t\t\t\t\t\t\t\t<div class=\"elementor-element elementor-element-2f94161 elementor-widget elementor-widget-heading\" data-id=\"2f94161\" data-element_type=\"widget\" data-widget_type=\"heading.default\">\n\t\t\t\t<div class=\"elementor-widget-container\">\n\t\t\t<h2 class=\"elementor-heading-title elementor-size-default\">Speziell ausger\u00fcstet f\u00fcr Luftfracht<\/h2>\t\t<\/div>\n\t\t\t\t<\/div>\n\t\t\t\t\t<\/div>\n\t\t<\/div>\n\t\t\t\t<div class=\"elementor-column elementor-col-33 elementor-inner-column elementor-element elementor-element-58cdc75\" data-id=\"58cdc75\" data-element_type=\"column\">\n\t\t\t<div class=\"elementor-widget-wrap elementor-element-populated\">\n\t\t\t\t\t\t\t\t<div class=\"elementor-element elementor-element-e936cb3 elementor-widget elementor-widget-text-editor\" data-id=\"e936cb3\" data-element_type=\"widget\" data-widget_type=\"text-editor.default\">\n\t\t\t\t<div class=\"elementor-widget-container\">\n\t\t\t\t\t\t\t<p>Um sicherzustellen, dass Ihre Fracht sicher und unbesch\u00e4digt vom Flugzeug zum Anh\u00e4nger transportiert wird, sind alle unsere Fahrzeuge auf <strong>mit speziellen Rollenbahnen ausgestattet.<\/strong> Neben den normalen Rollenbahn-Trailern, die 265 Zentimeter hoch sind, haben wir auch Mega-Rollenbahn-Trailer. Diese Trailer sind besonders f\u00fcr Sch\u00fcttgut geeignet und haben eine H\u00f6he von bis zu 305 Zentimetern.<\/p>\t\t\t\t\t\t<\/div>\n\t\t\t\t<\/div>\n\t\t\t\t\t<\/div>\n\t\t<\/div>\n\t\t\t\t<div class=\"elementor-column elementor-col-33 elementor-inner-column elementor-element elementor-element-4c3da64\" data-id=\"4c3da64\" data-element_type=\"column\">\n\t\t\t<div class=\"elementor-widget-wrap elementor-element-populated\">\n\t\t\t\t\t\t\t\t<div class=\"elementor-element elementor-element-0cc41eb elementor-widget elementor-widget-image\" data-id=\"0cc41eb\" data-element_type=\"widget\" data-widget_type=\"image.default\">\n\t\t\t\t<div class=\"elementor-widget-container\">\n\t\t\t\t\t\t\t\t\t\t\t\t\t\t\t<img decoding=\"async\" width=\"800\" height=\"404\" src=\"https:\/\/www.aircargo-transport.eu\/discovery\/wp-content\/uploads\/2025\/01\/image-aircargo-equipped-for-air-freight.webp\" class=\"attachment-large size-large wp-image-1147\" alt=\"\" srcset=\"https:\/\/www.aircargo-transport.eu\/discovery\/wp-content\/uploads\/2025\/01\/image-aircargo-equipped-for-air-freight.webp 800w, https:\/\/www.aircargo-transport.eu\/discovery\/wp-content\/uploads\/2025\/01\/image-aircargo-equipped-for-air-freight-768x388.webp 768w\" sizes=\"(max-width: 800px) 100vw, 800px\" \/>\t\t\t\t\t\t\t\t\t\t\t\t\t\t\t<\/div>\n\t\t\t\t<\/div>\n\t\t\t\t\t<\/div>\n\t\t<\/div>\n\t\t\t\t\t\t\t<\/div>\n\t\t<\/section>\n\t\t\t\t\t<\/div>\n\t\t<\/div>\n\t\t\t\t\t\t\t<\/div>\n\t\t<\/section>\n\t\t\t\t\t\t\t<\/div>\n\t\t","protected":false},"excerpt":{"rendered":"<p>Unsere Flotte &#8211; FLEET &#8211; sicher und p\u00fcnktlich Eine moderne Flotte garantiert Zuverl\u00e4ssigkeit Durch Investitionen in die neueste Technologie und mit einem Durchschnittsalter von 2,5 Jahren\u00a0 ist unsere Flotte hochmodern. \u00a0Alle Lkw haben die Euro VI-Norm erf\u00fcllt und sind mit einem Bordcomputer ausgestattet, der mit unserem \u201eHigh Tech Transport Management System\u201c verbunden ist. So k\u00f6nnen [&hellip;]<\/p>\n","protected":false},"author":1,"featured_media":0,"parent":0,"menu_order":0,"comment_status":"closed","ping_status":"closed","template":"","meta":{"footnotes":""},"_links":{"self":[{"href":"https:\/\/www.aircargo-transport.eu\/discovery\/wp-json\/wp\/v2\/pages\/1753"}],"collection":[{"href":"https:\/\/www.aircargo-transport.eu\/discovery\/wp-json\/wp\/v2\/pages"}],"about":[{"href":"https:\/\/www.aircargo-transport.eu\/discovery\/wp-json\/wp\/v2\/types\/page"}],"author":[{"embeddable":true,"href":"https:\/\/www.aircargo-transport.eu\/discovery\/wp-json\/wp\/v2\/users\/1"}],"replies":[{"embeddable":true,"href":"https:\/\/www.aircargo-transport.eu\/discovery\/wp-json\/wp\/v2\/comments?post=1753"}],"version-history":[{"count":4,"href":"https:\/\/www.aircargo-transport.eu\/discovery\/wp-json\/wp\/v2\/pages\/1753\/revisions"}],"predecessor-version":[{"id":1757,"href":"https:\/\/www.aircargo-transport.eu\/discovery\/wp-json\/wp\/v2\/pages\/1753\/revisions\/1757"}],"wp:attachment":[{"href":"https:\/\/www.aircargo-transport.eu\/discovery\/wp-json\/wp\/v2\/media?parent=1753"}],"curies":[{"name":"wp","href":"https:\/\/api.w.org\/{rel}","templated":true}]}}