{"id":1758,"date":"2025-03-20T08:38:33","date_gmt":"2025-03-20T08:38:33","guid":{"rendered":"https:\/\/www.aircargo-transport.eu\/discovery\/?page_id=1758"},"modified":"2025-03-20T08:41:34","modified_gmt":"2025-03-20T08:41:34","slug":"nachhaltigkeit","status":"publish","type":"page","link":"https:\/\/www.aircargo-transport.eu\/discovery\/nachhaltigkeit\/","title":{"rendered":"Nachhaltigkeit"},"content":{"rendered":"\t\t<div data-elementor-type=\"wp-page\" data-elementor-id=\"1758\" class=\"elementor elementor-1758\">\n\t\t\t\t\t\t\t\t\t<section class=\"elementor-section elementor-top-section elementor-element elementor-element-b96f3ae elementor-section-full_width elementor-section-height-min-height elementor-section-height-default elementor-section-items-middle\" data-id=\"b96f3ae\" data-element_type=\"section\" data-settings=\"{&quot;background_background&quot;:&quot;classic&quot;}\">\n\t\t\t\t\t\t\t<div class=\"elementor-background-overlay\"><\/div>\n\t\t\t\t\t\t\t<div class=\"elementor-container elementor-column-gap-no\">\n\t\t\t\t\t<div class=\"elementor-column elementor-col-100 elementor-top-column elementor-element elementor-element-2bab50c\" data-id=\"2bab50c\" data-element_type=\"column\">\n\t\t\t<div class=\"elementor-widget-wrap\">\n\t\t\t\t\t\t\t\t\t<\/div>\n\t\t<\/div>\n\t\t\t\t\t\t\t<\/div>\n\t\t<\/section>\n\t\t\t\t<section class=\"elementor-section elementor-top-section elementor-element elementor-element-41a79b5 elementor-section-boxed elementor-section-height-default elementor-section-height-default\" data-id=\"41a79b5\" data-element_type=\"section\">\n\t\t\t\t\t\t<div class=\"elementor-container elementor-column-gap-default\">\n\t\t\t\t\t<div class=\"elementor-column elementor-col-100 elementor-top-column elementor-element elementor-element-3e7771e\" data-id=\"3e7771e\" data-element_type=\"column\">\n\t\t\t<div class=\"elementor-widget-wrap elementor-element-populated\">\n\t\t\t\t\t\t\t\t<div class=\"elementor-element elementor-element-aeba6b2 elementor-widget elementor-widget-heading\" data-id=\"aeba6b2\" data-element_type=\"widget\" data-widget_type=\"heading.default\">\n\t\t\t\t<div class=\"elementor-widget-container\">\n\t\t\t<style>\/*! elementor - v3.13.3 - 28-05-2023 *\/\n.elementor-heading-title{padding:0;margin:0;line-height:1}.elementor-widget-heading .elementor-heading-title[class*=elementor-size-]>a{color:inherit;font-size:inherit;line-height:inherit}.elementor-widget-heading .elementor-heading-title.elementor-size-small{font-size:15px}.elementor-widget-heading .elementor-heading-title.elementor-size-medium{font-size:19px}.elementor-widget-heading .elementor-heading-title.elementor-size-large{font-size:29px}.elementor-widget-heading .elementor-heading-title.elementor-size-xl{font-size:39px}.elementor-widget-heading .elementor-heading-title.elementor-size-xxl{font-size:59px}<\/style><h1 class=\"elementor-heading-title elementor-size-default\">Nachhaltigkeit<\/h1>\t\t<\/div>\n\t\t\t\t<\/div>\n\t\t\t\t<section class=\"elementor-section elementor-inner-section elementor-element elementor-element-c8b1e1a elementor-section-content-middle elementor-section-boxed elementor-section-height-default elementor-section-height-default\" data-id=\"c8b1e1a\" data-element_type=\"section\">\n\t\t\t\t\t\t<div class=\"elementor-container elementor-column-gap-default\">\n\t\t\t\t\t<div class=\"elementor-column elementor-col-50 elementor-inner-column elementor-element elementor-element-24c348a\" data-id=\"24c348a\" data-element_type=\"column\">\n\t\t\t<div class=\"elementor-widget-wrap elementor-element-populated\">\n\t\t\t\t\t\t\t\t<div class=\"elementor-element elementor-element-3b8fb09 elementor-widget elementor-widget-text-editor\" data-id=\"3b8fb09\" data-element_type=\"widget\" data-widget_type=\"text-editor.default\">\n\t\t\t\t<div class=\"elementor-widget-container\">\n\t\t\t<style>\/*! elementor - v3.13.3 - 28-05-2023 *\/\n.elementor-widget-text-editor.elementor-drop-cap-view-stacked .elementor-drop-cap{background-color:#69727d;color:#fff}.elementor-widget-text-editor.elementor-drop-cap-view-framed .elementor-drop-cap{color:#69727d;border:3px solid;background-color:transparent}.elementor-widget-text-editor:not(.elementor-drop-cap-view-default) .elementor-drop-cap{margin-top:8px}.elementor-widget-text-editor:not(.elementor-drop-cap-view-default) .elementor-drop-cap-letter{width:1em;height:1em}.elementor-widget-text-editor .elementor-drop-cap{float:left;text-align:center;line-height:1;font-size:50px}.elementor-widget-text-editor .elementor-drop-cap-letter{display:inline-block}<\/style>\t\t\t\t<h3>Unser Weg zu null Emissionen<\/h3><p>Aircargo Transport bekennt sich zu seiner Verantwortung als Transportunternehmen, seine CO\u2082e-Emissionen zu senken, um den Klimawandel zu bek\u00e4mpfen. Daher wurden bereits mehrere Initiativen zur Verringerung der Klimaauswirkungen von Verkehrsdiensten ergriffen. Dies ist der Beginn einer umfassenden Strategie, die wir \u201eunseren Weg zu null Emissionen\u201c nennen. Die Ma\u00dfnahmen, die wir zur Reduzierung der Emissionen ergreifen:<\/p><ul><li>Alle Lkw-Fahrer nehmen regelm\u00e4\u00dfig an Schulungen zum nachhaltigen Fahren teil.<\/li><li>Mit einem Durchschnittsalter des Fuhrparks von 2,5 Jahren verf\u00fcgen wir immer \u00fcber die neuesten und sparsamsten Lkw.<\/li><li>Wir verwenden Reifen mit dem A-Siegel, um den Kraftstoffverbrauch zu senken. Diese Reifen werden st\u00e4ndig von Reifendrucksensoren \u00fcberwacht.<\/li><li>Einsatz fortschrittlicher Planungssoftware zur Reduzierung der Leerkilometer.<\/li><\/ul>\t\t\t\t\t\t<\/div>\n\t\t\t\t<\/div>\n\t\t\t\t\t<\/div>\n\t\t<\/div>\n\t\t\t\t<div class=\"elementor-column elementor-col-50 elementor-inner-column elementor-element elementor-element-61d1de8\" data-id=\"61d1de8\" data-element_type=\"column\">\n\t\t\t<div class=\"elementor-widget-wrap elementor-element-populated\">\n\t\t\t\t\t\t\t\t<div class=\"elementor-element elementor-element-f7bb3dc elementor-invisible elementor-widget elementor-widget-image\" data-id=\"f7bb3dc\" data-element_type=\"widget\" data-settings=\"{&quot;_animation&quot;:&quot;fadeInRight&quot;}\" data-widget_type=\"image.default\">\n\t\t\t\t<div class=\"elementor-widget-container\">\n\t\t\t<style>\/*! elementor - v3.13.3 - 28-05-2023 *\/\n.elementor-widget-image{text-align:center}.elementor-widget-image a{display:inline-block}.elementor-widget-image a img[src$=\".svg\"]{width:48px}.elementor-widget-image img{vertical-align:middle;display:inline-block}<\/style>\t\t\t\t\t\t\t\t\t\t\t\t<img decoding=\"async\" width=\"645\" height=\"404\" src=\"https:\/\/www.aircargo-transport.eu\/discovery\/wp-content\/uploads\/2025\/01\/truck-zero-emission.webp\" class=\"attachment-large size-large wp-image-1202\" alt=\"\" \/>\t\t\t\t\t\t\t\t\t\t\t\t\t\t\t<\/div>\n\t\t\t\t<\/div>\n\t\t\t\t\t<\/div>\n\t\t<\/div>\n\t\t\t\t\t\t\t<\/div>\n\t\t<\/section>\n\t\t\t\t\t<\/div>\n\t\t<\/div>\n\t\t\t\t\t\t\t<\/div>\n\t\t<\/section>\n\t\t\t\t<section class=\"elementor-section elementor-top-section elementor-element elementor-element-555517c elementor-section-boxed elementor-section-height-default elementor-section-height-default\" data-id=\"555517c\" data-element_type=\"section\">\n\t\t\t\t\t\t<div class=\"elementor-container elementor-column-gap-default\">\n\t\t\t\t\t<div class=\"elementor-column elementor-col-100 elementor-top-column elementor-element elementor-element-2169f4a\" data-id=\"2169f4a\" data-element_type=\"column\">\n\t\t\t<div class=\"elementor-widget-wrap elementor-element-populated\">\n\t\t\t\t\t\t\t\t<div class=\"elementor-element elementor-element-8b97051 elementor-widget elementor-widget-image\" data-id=\"8b97051\" data-element_type=\"widget\" data-widget_type=\"image.default\">\n\t\t\t\t<div class=\"elementor-widget-container\">\n\t\t\t\t\t\t\t\t\t\t\t\t\t\t\t<img decoding=\"async\" width=\"1300\" height=\"228\" src=\"https:\/\/www.aircargo-transport.eu\/discovery\/wp-content\/uploads\/2025\/01\/infografik-emission.png\" class=\"attachment-large size-large wp-image-1207\" alt=\"\" srcset=\"https:\/\/www.aircargo-transport.eu\/discovery\/wp-content\/uploads\/2025\/01\/infografik-emission.png 1300w, https:\/\/www.aircargo-transport.eu\/discovery\/wp-content\/uploads\/2025\/01\/infografik-emission-768x135.png 768w\" sizes=\"(max-width: 1300px) 100vw, 1300px\" \/>\t\t\t\t\t\t\t\t\t\t\t\t\t\t\t<\/div>\n\t\t\t\t<\/div>\n\t\t\t\t<section class=\"elementor-section elementor-inner-section elementor-element elementor-element-b235f1a elementor-section-boxed elementor-section-height-default elementor-section-height-default\" data-id=\"b235f1a\" data-element_type=\"section\" data-settings=\"{&quot;background_background&quot;:&quot;classic&quot;}\">\n\t\t\t\t\t\t<div class=\"elementor-container elementor-column-gap-default\">\n\t\t\t\t\t<div class=\"elementor-column elementor-col-100 elementor-inner-column elementor-element elementor-element-bac18bd\" data-id=\"bac18bd\" data-element_type=\"column\">\n\t\t\t<div class=\"elementor-widget-wrap elementor-element-populated\">\n\t\t\t\t\t\t\t\t<div class=\"elementor-element elementor-element-ecad58c elementor-widget elementor-widget-text-editor\" data-id=\"ecad58c\" data-element_type=\"widget\" data-widget_type=\"text-editor.default\">\n\t\t\t\t<div class=\"elementor-widget-container\">\n\t\t\t\t\t\t\t<p><strong>Transport mit HVO100-Kraftstoff<\/strong><\/p><p>Alle Lkw von Aircargo Transport k\u00f6nnen mit dem Biokraftstoff der zweiten Generation HVO100 betrieben werden. Dieser Biokraftstoff reduziert die CO\u2082e-Emissionen von der Quelle bis zum Rad um bis zu 90 %. HVO100 stammt aus erneuerbaren Quellen und wird aus Abfallstoffen hergestellt. Das macht ihn zu einer guten kurzfristigen L\u00f6sung f\u00fcr den nachhaltigen Verkehr, bis elektrische Lkw eine praktikable L\u00f6sung sind.<\/p>\t\t\t\t\t\t<\/div>\n\t\t\t\t<\/div>\n\t\t\t\t\t<\/div>\n\t\t<\/div>\n\t\t\t\t\t\t\t<\/div>\n\t\t<\/section>\n\t\t\t\t<section class=\"elementor-section elementor-inner-section elementor-element elementor-element-40cbc31 elementor-section-boxed elementor-section-height-default elementor-section-height-default\" data-id=\"40cbc31\" data-element_type=\"section\">\n\t\t\t\t\t\t<div class=\"elementor-container elementor-column-gap-default\">\n\t\t\t\t\t<div class=\"elementor-column elementor-col-33 elementor-inner-column elementor-element elementor-element-904c6f1\" data-id=\"904c6f1\" data-element_type=\"column\">\n\t\t\t<div class=\"elementor-widget-wrap elementor-element-populated\">\n\t\t\t\t\t\t\t\t<div class=\"elementor-element elementor-element-20ab478 elementor-widget elementor-widget-image\" data-id=\"20ab478\" data-element_type=\"widget\" data-widget_type=\"image.default\">\n\t\t\t\t<div class=\"elementor-widget-container\">\n\t\t\t\t\t\t\t\t\t\t\t\t\t\t\t<img decoding=\"async\" width=\"300\" height=\"300\" src=\"https:\/\/www.aircargo-transport.eu\/discovery\/wp-content\/uploads\/2025\/01\/icon-01.png\" class=\"attachment-large size-large wp-image-1215\" alt=\"\" \/>\t\t\t\t\t\t\t\t\t\t\t\t\t\t\t<\/div>\n\t\t\t\t<\/div>\n\t\t\t\t<div class=\"elementor-element elementor-element-146cc56 elementor-widget elementor-widget-text-editor\" data-id=\"146cc56\" data-element_type=\"widget\" data-widget_type=\"text-editor.default\">\n\t\t\t\t<div class=\"elementor-widget-container\">\n\t\t\t\t\t\t\tHVO100 steht f\u00fcr 100% Hydrotreated Vegetable Oil. Es handelt sich um einen Kraftstoff, der ohne \u00c4nderung in Dieselmotoren verwendet werden kann. Im gesamten Lebenszyklus betr\u00e4gt die CO\u2082-Reduktion des Kraftstoffs 90 %. Dadurch k\u00f6nnen wir die CO\u2082e-Emissionen Ihres Transports reduzieren.\n\n\n\n\u00a0\t\t\t\t\t\t<\/div>\n\t\t\t\t<\/div>\n\t\t\t\t\t<\/div>\n\t\t<\/div>\n\t\t\t\t<div class=\"elementor-column elementor-col-33 elementor-inner-column elementor-element elementor-element-245e21b\" data-id=\"245e21b\" data-element_type=\"column\">\n\t\t\t<div class=\"elementor-widget-wrap elementor-element-populated\">\n\t\t\t\t\t\t\t\t<div class=\"elementor-element elementor-element-ef63266 elementor-widget elementor-widget-image\" data-id=\"ef63266\" data-element_type=\"widget\" data-widget_type=\"image.default\">\n\t\t\t\t<div class=\"elementor-widget-container\">\n\t\t\t\t\t\t\t\t\t\t\t\t\t\t\t<img decoding=\"async\" width=\"300\" height=\"300\" src=\"https:\/\/www.aircargo-transport.eu\/discovery\/wp-content\/uploads\/2025\/01\/icon-02.png\" class=\"attachment-large size-large wp-image-1217\" alt=\"\" \/>\t\t\t\t\t\t\t\t\t\t\t\t\t\t\t<\/div>\n\t\t\t\t<\/div>\n\t\t\t\t<div class=\"elementor-element elementor-element-4a1a8a7 elementor-widget elementor-widget-text-editor\" data-id=\"4a1a8a7\" data-element_type=\"widget\" data-widget_type=\"text-editor.default\">\n\t\t\t\t<div class=\"elementor-widget-container\">\n\t\t\t\t\t\t\t<div>HVO100 wird aus Abfallstoffen wie Altspeise\u00f6l und anderen R\u00fcckst\u00e4nden hergestellt, die mit Wasserstoff behandelt werden. Bei diesem Verfahren werden Verunreinigungen entfernt und die Rohstoffe in einen hochwertigen erneuerbaren Diesel umgewandelt.<\/div>\t\t\t\t\t\t<\/div>\n\t\t\t\t<\/div>\n\t\t\t\t\t<\/div>\n\t\t<\/div>\n\t\t\t\t<div class=\"elementor-column elementor-col-33 elementor-inner-column elementor-element elementor-element-c5ce3be\" data-id=\"c5ce3be\" data-element_type=\"column\">\n\t\t\t<div class=\"elementor-widget-wrap elementor-element-populated\">\n\t\t\t\t\t\t\t\t<div class=\"elementor-element elementor-element-21af7bf elementor-widget elementor-widget-image\" data-id=\"21af7bf\" data-element_type=\"widget\" data-widget_type=\"image.default\">\n\t\t\t\t<div class=\"elementor-widget-container\">\n\t\t\t\t\t\t\t\t\t\t\t\t\t\t\t<img decoding=\"async\" width=\"300\" height=\"300\" src=\"https:\/\/www.aircargo-transport.eu\/discovery\/wp-content\/uploads\/2025\/01\/icon-03.png\" class=\"attachment-large size-large wp-image-1216\" alt=\"\" \/>\t\t\t\t\t\t\t\t\t\t\t\t\t\t\t<\/div>\n\t\t\t\t<\/div>\n\t\t\t\t<div class=\"elementor-element elementor-element-81b1290 elementor-widget elementor-widget-text-editor\" data-id=\"81b1290\" data-element_type=\"widget\" data-widget_type=\"text-editor.default\">\n\t\t\t\t<div class=\"elementor-widget-container\">\n\t\t\t\t\t\t\t<div>Die Abfallstoffe, aus denen HVO100 hergestellt wird, haben mit der Photosynthese das CO\u2082 aus der Luft aufgenommen. Die CO\u2082e-Emissionen von HVO100 sind aufgrund der f\u00fcr die Herstellung und den Transport des Kraftstoffs verwendeten Energie nicht gleich Null.<\/div>\t\t\t\t\t\t<\/div>\n\t\t\t\t<\/div>\n\t\t\t\t\t<\/div>\n\t\t<\/div>\n\t\t\t\t\t\t\t<\/div>\n\t\t<\/section>\n\t\t\t\t\t<\/div>\n\t\t<\/div>\n\t\t\t\t\t\t\t<\/div>\n\t\t<\/section>\n\t\t\t\t\t\t\t<\/div>\n\t\t","protected":false},"excerpt":{"rendered":"<p>Nachhaltigkeit Unser Weg zu null Emissionen Aircargo Transport bekennt sich zu seiner Verantwortung als Transportunternehmen, seine CO\u2082e-Emissionen zu senken, um den Klimawandel zu bek\u00e4mpfen. Daher wurden bereits mehrere Initiativen zur Verringerung der Klimaauswirkungen von Verkehrsdiensten ergriffen. Dies ist der Beginn einer umfassenden Strategie, die wir \u201eunseren Weg zu null Emissionen\u201c nennen. Die Ma\u00dfnahmen, die wir [&hellip;]<\/p>\n","protected":false},"author":1,"featured_media":0,"parent":0,"menu_order":0,"comment_status":"closed","ping_status":"closed","template":"","meta":{"footnotes":""},"_links":{"self":[{"href":"https:\/\/www.aircargo-transport.eu\/discovery\/wp-json\/wp\/v2\/pages\/1758"}],"collection":[{"href":"https:\/\/www.aircargo-transport.eu\/discovery\/wp-json\/wp\/v2\/pages"}],"about":[{"href":"https:\/\/www.aircargo-transport.eu\/discovery\/wp-json\/wp\/v2\/types\/page"}],"author":[{"embeddable":true,"href":"https:\/\/www.aircargo-transport.eu\/discovery\/wp-json\/wp\/v2\/users\/1"}],"replies":[{"embeddable":true,"href":"https:\/\/www.aircargo-transport.eu\/discovery\/wp-json\/wp\/v2\/comments?post=1758"}],"version-history":[{"count":4,"href":"https:\/\/www.aircargo-transport.eu\/discovery\/wp-json\/wp\/v2\/pages\/1758\/revisions"}],"predecessor-version":[{"id":1762,"href":"https:\/\/www.aircargo-transport.eu\/discovery\/wp-json\/wp\/v2\/pages\/1758\/revisions\/1762"}],"wp:attachment":[{"href":"https:\/\/www.aircargo-transport.eu\/discovery\/wp-json\/wp\/v2\/media?parent=1758"}],"curies":[{"name":"wp","href":"https:\/\/api.w.org\/{rel}","templated":true}]}}