{"id":496,"date":"2022-10-21T13:23:05","date_gmt":"2022-10-21T13:23:05","guid":{"rendered":"https:\/\/www.aircargo-transport.eu\/1666347435438\/?page_id=496"},"modified":"2025-01-29T16:28:55","modified_gmt":"2025-01-29T16:28:55","slug":"jobs","status":"publish","type":"page","link":"https:\/\/www.aircargo-transport.eu\/discovery\/en\/jobs\/","title":{"rendered":"Jobs"},"content":{"rendered":"\t\t<div data-elementor-type=\"wp-page\" data-elementor-id=\"496\" class=\"elementor elementor-496\">\n\t\t\t\t\t\t\t\t\t<section class=\"elementor-section elementor-top-section elementor-element elementor-element-bbae4bc elementor-section-height-min-height elementor-section-boxed elementor-section-height-default elementor-section-items-middle\" data-id=\"bbae4bc\" data-element_type=\"section\" data-settings=\"{&quot;background_background&quot;:&quot;slideshow&quot;,&quot;background_slideshow_gallery&quot;:[{&quot;id&quot;:191,&quot;url&quot;:&quot;https:\\\/\\\/www.aircargo-transport.eu\\\/discovery\\\/wp-content\\\/uploads\\\/2018\\\/06\\\/slider_stellenangebote_aircargo_02.jpg&quot;},{&quot;id&quot;:190,&quot;url&quot;:&quot;https:\\\/\\\/www.aircargo-transport.eu\\\/discovery\\\/wp-content\\\/uploads\\\/2018\\\/06\\\/slider_stellenangebote_aircargo_01.jpg&quot;}],&quot;background_slideshow_loop&quot;:&quot;yes&quot;,&quot;background_slideshow_slide_duration&quot;:5000,&quot;background_slideshow_slide_transition&quot;:&quot;fade&quot;,&quot;background_slideshow_transition_duration&quot;:500}\">\n\t\t\t\t\t\t\t<div class=\"elementor-background-overlay\"><\/div>\n\t\t\t\t\t\t\t<div class=\"elementor-container elementor-column-gap-default\">\n\t\t\t\t\t<div class=\"elementor-column elementor-col-100 elementor-top-column elementor-element elementor-element-f8a02d4\" data-id=\"f8a02d4\" data-element_type=\"column\">\n\t\t\t<div class=\"elementor-widget-wrap\">\n\t\t\t\t\t\t\t\t\t<\/div>\n\t\t<\/div>\n\t\t\t\t\t\t\t<\/div>\n\t\t<\/section>\n\t\t\t\t<section class=\"elementor-section elementor-top-section elementor-element elementor-element-71651e6 elementor-section-boxed elementor-section-height-default elementor-section-height-default\" data-id=\"71651e6\" data-element_type=\"section\">\n\t\t\t\t\t\t<div class=\"elementor-container elementor-column-gap-default\">\n\t\t\t\t\t<div class=\"elementor-column elementor-col-100 elementor-top-column elementor-element elementor-element-0bc60ce\" data-id=\"0bc60ce\" data-element_type=\"column\">\n\t\t\t<div class=\"elementor-widget-wrap elementor-element-populated\">\n\t\t\t\t\t\t\t\t<div class=\"elementor-element elementor-element-fbb11d0 elementor-widget elementor-widget-heading\" data-id=\"fbb11d0\" data-element_type=\"widget\" data-widget_type=\"heading.default\">\n\t\t\t\t<div class=\"elementor-widget-container\">\n\t\t\t<style>\/*! elementor - v3.13.3 - 28-05-2023 *\/\n.elementor-heading-title{padding:0;margin:0;line-height:1}.elementor-widget-heading .elementor-heading-title[class*=elementor-size-]>a{color:inherit;font-size:inherit;line-height:inherit}.elementor-widget-heading .elementor-heading-title.elementor-size-small{font-size:15px}.elementor-widget-heading .elementor-heading-title.elementor-size-medium{font-size:19px}.elementor-widget-heading .elementor-heading-title.elementor-size-large{font-size:29px}.elementor-widget-heading .elementor-heading-title.elementor-size-xl{font-size:39px}.elementor-widget-heading .elementor-heading-title.elementor-size-xxl{font-size:59px}<\/style><h1 class=\"elementor-heading-title elementor-size-default\">JOBS - we are looking for...<\/h1>\t\t<\/div>\n\t\t\t\t<\/div>\n\t\t\t\t<div class=\"elementor-element elementor-element-a566baa elementor-widget elementor-widget-text-editor\" data-id=\"a566baa\" data-element_type=\"widget\" data-widget_type=\"text-editor.default\">\n\t\t\t\t<div class=\"elementor-widget-container\">\n\t\t\t<style>\/*! elementor - v3.13.3 - 28-05-2023 *\/\n.elementor-widget-text-editor.elementor-drop-cap-view-stacked .elementor-drop-cap{background-color:#69727d;color:#fff}.elementor-widget-text-editor.elementor-drop-cap-view-framed .elementor-drop-cap{color:#69727d;border:3px solid;background-color:transparent}.elementor-widget-text-editor:not(.elementor-drop-cap-view-default) .elementor-drop-cap{margin-top:8px}.elementor-widget-text-editor:not(.elementor-drop-cap-view-default) .elementor-drop-cap-letter{width:1em;height:1em}.elementor-widget-text-editor .elementor-drop-cap{float:left;text-align:center;line-height:1;font-size:50px}.elementor-widget-text-editor .elementor-drop-cap-letter{display:inline-block}<\/style>\t\t\t\t<p><strong>Aircargo Transport GmbH<\/strong>\u00a0is a modern and innovative transport company in international air freight trucking (Road Feeder Service) and ensures for 40 years punctual and reliable deliveries throughout Europe at 365 days a year. Our customers are airlines, high-tech companies and the pharmaceutical industry.<\/p>\t\t\t\t\t\t<\/div>\n\t\t\t\t<\/div>\n\t\t\t\t\t<\/div>\n\t\t<\/div>\n\t\t\t\t\t\t\t<\/div>\n\t\t<\/section>\n\t\t\t\t<section class=\"elementor-section elementor-top-section elementor-element elementor-element-7a8aef8 elementor-section-boxed elementor-section-height-default elementor-section-height-default\" data-id=\"7a8aef8\" data-element_type=\"section\" data-settings=\"{&quot;background_background&quot;:&quot;classic&quot;}\">\n\t\t\t\t\t\t<div class=\"elementor-container elementor-column-gap-default\">\n\t\t\t\t\t<div class=\"elementor-column elementor-col-100 elementor-top-column elementor-element elementor-element-e1aa207\" data-id=\"e1aa207\" data-element_type=\"column\">\n\t\t\t<div class=\"elementor-widget-wrap elementor-element-populated\">\n\t\t\t\t\t\t\t\t<div class=\"elementor-element elementor-element-e1cde48 elementor-widget elementor-widget-heading\" data-id=\"e1cde48\" data-element_type=\"widget\" data-widget_type=\"heading.default\">\n\t\t\t\t<div class=\"elementor-widget-container\">\n\t\t\t<h3 class=\"elementor-heading-title elementor-size-default\">To strengthen our international team, we are looking for:<\/h3>\t\t<\/div>\n\t\t\t\t<\/div>\n\t\t\t\t\t<\/div>\n\t\t<\/div>\n\t\t\t\t\t\t\t<\/div>\n\t\t<\/section>\n\t\t\t\t<section class=\"elementor-section elementor-top-section elementor-element elementor-element-9c411c1 elementor-section-boxed elementor-section-height-default elementor-section-height-default\" data-id=\"9c411c1\" data-element_type=\"section\">\n\t\t\t\t\t\t<div class=\"elementor-container elementor-column-gap-default\">\n\t\t\t\t\t<div class=\"elementor-column elementor-col-100 elementor-top-column elementor-element elementor-element-2a96ae3\" data-id=\"2a96ae3\" data-element_type=\"column\">\n\t\t\t<div class=\"elementor-widget-wrap elementor-element-populated\">\n\t\t\t\t\t\t\t\t<div class=\"elementor-element elementor-element-03e1946 elementor-widget elementor-widget-accordion\" data-id=\"03e1946\" data-element_type=\"widget\" data-widget_type=\"accordion.default\">\n\t\t\t\t<div class=\"elementor-widget-container\">\n\t\t\t<style>\/*! elementor - v3.13.3 - 28-05-2023 *\/\n.elementor-accordion{text-align:left}.elementor-accordion .elementor-accordion-item{border:1px solid #d5d8dc}.elementor-accordion .elementor-accordion-item+.elementor-accordion-item{border-top:none}.elementor-accordion .elementor-tab-title{margin:0;padding:15px 20px;font-weight:700;line-height:1;cursor:pointer;outline:none}.elementor-accordion .elementor-tab-title .elementor-accordion-icon{display:inline-block;width:1.5em}.elementor-accordion .elementor-tab-title .elementor-accordion-icon svg{width:1em;height:1em}.elementor-accordion .elementor-tab-title .elementor-accordion-icon.elementor-accordion-icon-right{float:right;text-align:right}.elementor-accordion .elementor-tab-title .elementor-accordion-icon.elementor-accordion-icon-left{float:left;text-align:left}.elementor-accordion .elementor-tab-title .elementor-accordion-icon .elementor-accordion-icon-closed{display:block}.elementor-accordion .elementor-tab-title .elementor-accordion-icon .elementor-accordion-icon-opened,.elementor-accordion .elementor-tab-title.elementor-active .elementor-accordion-icon-closed{display:none}.elementor-accordion .elementor-tab-title.elementor-active .elementor-accordion-icon-opened{display:block}.elementor-accordion .elementor-tab-content{display:none;padding:15px 20px;border-top:1px solid #d5d8dc}@media (max-width:767px){.elementor-accordion .elementor-tab-title{padding:12px 15px}.elementor-accordion .elementor-tab-title .elementor-accordion-icon{width:1.2em}.elementor-accordion .elementor-tab-content{padding:7px 15px}}.e-con-inner>.elementor-widget-accordion,.e-con>.elementor-widget-accordion{width:var(--container-widget-width);--flex-grow:var(--container-widget-flex-grow)}<\/style>\t\t<div class=\"elementor-accordion\" role=\"tablist\">\n\t\t\t\t\t\t\t<div class=\"elementor-accordion-item\">\n\t\t\t\t\t<div id=\"elementor-tab-title-4061\" class=\"elementor-tab-title\" data-tab=\"1\" role=\"tab\" aria-controls=\"elementor-tab-content-4061\" aria-expanded=\"false\">\n\t\t\t\t\t\t\t\t\t\t\t\t\t<span class=\"elementor-accordion-icon elementor-accordion-icon-left\" aria-hidden=\"true\">\n\t\t\t\t\t\t\t\t\t\t\t\t\t\t\t<span class=\"elementor-accordion-icon-closed\"><i class=\"fas fa-plus\"><\/i><\/span>\n\t\t\t\t\t\t\t\t<span class=\"elementor-accordion-icon-opened\"><i class=\"fas fa-minus\"><\/i><\/span>\n\t\t\t\t\t\t\t\t\t\t\t\t\t\t<\/span>\n\t\t\t\t\t\t\t\t\t\t\t\t<a class=\"elementor-accordion-title\" href=\"\">Fleet manager<\/a>\n\t\t\t\t\t<\/div>\n\t\t\t\t\t<div id=\"elementor-tab-content-4061\" class=\"elementor-tab-content elementor-clearfix\" data-tab=\"1\" role=\"tabpanel\" aria-labelledby=\"elementor-tab-title-4061\"><h3>Your tasks:<\/h3><ul><li>Planning and organizing workshop visits<\/li><li>controlling and monitoring all (administrative) processes related to the fleet<\/li><li>keeping ADR equipment, load securing and other equipment up to date<\/li><li>managing permits, fuel cards, toll devices, navigation, telephones and much more<\/li><li>controlling workshop invoices and keeping statistics<\/li><li>setting up tire and spare parts stores professionally and managing consumption<\/li><li>working with modern IT software and hardware as well as technical innovations<\/li><li>participating in the digitization of the company and the truck fleet<\/li><li>teach fleet drivers<\/li><\/ul><h3>We expect:<\/h3><ul><li>a technical education as well as FS class C+CE<\/li><li>further training motor transport master (desirable)<\/li><li>talent for organization and doesn&#8217;t leave things lying around, but rather lends a hand<\/li><li>the knowledge to control and manage the vehicle fleet and spare parts with modern IT<\/li><li>commercial know-how and negotiation skills<\/li><li>talent for dealing with people and a team player spirit<\/li><\/ul><h3>Our services:<\/h3><ul><li>working in a dynamic and innovative company<\/li><li>flat hierarchies, lean processes, direct line to management<\/li><li>modern environment and pleasant working atmosphere in a young team<\/li><li>free and independent work<\/li><li>attractive salary and some add-ons<\/li><\/ul><p>\u00a0<\/p><p><strong>Applications and CV (with exact dates) please send to <a href=\"mailto:bewerbung@aircargo-transport.eu\">bewerbung@aircargo-transport.eu<\/a><\/strong><\/p><\/div>\n\t\t\t\t<\/div>\n\t\t\t\t\t\t\t<div class=\"elementor-accordion-item\">\n\t\t\t\t\t<div id=\"elementor-tab-title-4062\" class=\"elementor-tab-title\" data-tab=\"2\" role=\"tab\" aria-controls=\"elementor-tab-content-4062\" aria-expanded=\"false\">\n\t\t\t\t\t\t\t\t\t\t\t\t\t<span class=\"elementor-accordion-icon elementor-accordion-icon-left\" aria-hidden=\"true\">\n\t\t\t\t\t\t\t\t\t\t\t\t\t\t\t<span class=\"elementor-accordion-icon-closed\"><i class=\"fas fa-plus\"><\/i><\/span>\n\t\t\t\t\t\t\t\t<span class=\"elementor-accordion-icon-opened\"><i class=\"fas fa-minus\"><\/i><\/span>\n\t\t\t\t\t\t\t\t\t\t\t\t\t\t<\/span>\n\t\t\t\t\t\t\t\t\t\t\t\t<a class=\"elementor-accordion-title\" href=\"\">Professional Driver (class CE) on different locations (Leipzig, Frankfurt am Main or D\u00fcsseldorf)<\/a>\n\t\t\t\t\t<\/div>\n\t\t\t\t\t<div id=\"elementor-tab-content-4062\" class=\"elementor-tab-content elementor-clearfix\" data-tab=\"2\" role=\"tabpanel\" aria-labelledby=\"elementor-tab-title-4062\"><h3>We expect:<\/h3><ul><li><p lang=\"en-US\" align=\"JUSTIFY\">Valid driving license class CE and driver card<\/p><\/li><li><p lang=\"en-US\" align=\"JUSTIFY\">ADR certificate for general cargo (classes 1 and 7 not required)<\/p><\/li><li><p align=\"JUSTIFY\"><span lang=\"en-US\">Willingness to drive 13 days and then 6 or 13 days of leisure time<\/span><\/p><\/li><li><p align=\"JUSTIFY\"><span lang=\"en-US\">Willingness to work as well as German or English language skills<\/span><\/p><\/li><li><p lang=\"en-US\" align=\"JUSTIFY\">Knowledge in international road freight traffic (customs knowledge)<\/p><\/li><li><p align=\"JUSTIFY\"><span lang=\"en-US\">Certificate of good conduct without entry<\/span><\/p><\/li><li><p align=\"JUSTIFY\">Background check (Zuverl\u00e4ssigkeits\u00fcberpr\u00fcfung \u00a77 LuSiG)<\/p><\/li><li><p align=\"JUSTIFY\"><span lang=\"en-US\">Aviation Security Training (AVSEC) according to 11.2.3.9 desirable<\/span><\/p><\/li><li><p align=\"JUSTIFY\"><span lang=\"en-US\">GDP and TAPA Training desirable<\/span><\/p><\/li><\/ul><p>\u00a0<\/p><h3>Our services:<\/h3><ul><li><p lang=\"en-US\" align=\"JUSTIFY\">Safe workplace, modern environment, latest technology<\/p><\/li><li><p lang=\"en-US\" align=\"JUSTIFY\">German employment contract (salary and holiday according to German tariff)<\/p><\/li><li><p lang=\"en-US\" align=\"JUSTIFY\">Shift model 13\/6 and 13\/13 possible<\/p><\/li><li><p lang=\"en-US\" align=\"JUSTIFY\">Tax-free expenses and night surcharges<\/p><\/li><li><p lang=\"en-US\" align=\"JUSTIFY\">Tax-free Sunday and holiday supplements<\/p><\/li><li><p align=\"JUSTIFY\">Regular Training and Education<\/p><\/li><li><p lang=\"en-US\" align=\"JUSTIFY\">Holiday and Christmas bonuses depending on seniority<\/p><\/li><\/ul><p>\u00a0<\/p><p><strong>Applications and CV (with exact dates) please send to <a href=\"mailto:bewerbung@aircargo-transport.eu\">bewerbung@aircargo-transport.eu<\/a><\/strong><\/p><\/div>\n\t\t\t\t<\/div>\n\t\t\t\t\t\t\t\t<\/div>\n\t\t\t\t<\/div>\n\t\t\t\t<\/div>\n\t\t\t\t<div class=\"elementor-element elementor-element-99bf3a3 elementor-widget elementor-widget-html\" data-id=\"99bf3a3\" data-element_type=\"widget\" data-widget_type=\"html.default\">\n\t\t\t\t<div class=\"elementor-widget-container\">\n\t\t\t<script> \njQuery(document).ready(function($) { \nvar delay = 500; setTimeout(function() { \n$('.elementor-tab-title').removeClass('elementor-active');\n $('.elementor-tab-content').css('display', 'none'); }, delay); \n}); \n<\/script>\t\t<\/div>\n\t\t\t\t<\/div>\n\t\t\t\t\t<\/div>\n\t\t<\/div>\n\t\t\t\t\t\t\t<\/div>\n\t\t<\/section>\n\t\t\t\t<section class=\"elementor-section elementor-top-section elementor-element elementor-element-e044ab5 elementor-section-boxed elementor-section-height-default elementor-section-height-default\" data-id=\"e044ab5\" data-element_type=\"section\" data-settings=\"{&quot;background_background&quot;:&quot;classic&quot;}\">\n\t\t\t\t\t\t<div class=\"elementor-container elementor-column-gap-default\">\n\t\t\t\t\t<div class=\"elementor-column elementor-col-100 elementor-top-column elementor-element elementor-element-88878e9\" data-id=\"88878e9\" data-element_type=\"column\">\n\t\t\t<div class=\"elementor-widget-wrap elementor-element-populated\">\n\t\t\t\t\t\t\t\t<div class=\"elementor-element elementor-element-b8583c4 elementor-widget elementor-widget-heading\" data-id=\"b8583c4\" data-element_type=\"widget\" data-widget_type=\"heading.default\">\n\t\t\t\t<div class=\"elementor-widget-container\">\n\t\t\t<h3 class=\"elementor-heading-title elementor-size-default\">We look forward to receiving your application!\n<\/h3>\t\t<\/div>\n\t\t\t\t<\/div>\n\t\t\t\t\t<\/div>\n\t\t<\/div>\n\t\t\t\t\t\t\t<\/div>\n\t\t<\/section>\n\t\t\t\t\t\t\t<\/div>\n\t\t","protected":false},"excerpt":{"rendered":"<p>JOBS &#8211; we are looking for&#8230; Aircargo Transport GmbH\u00a0is a modern and innovative transport company in international air freight trucking (Road Feeder Service) and ensures for 40 years punctual and reliable deliveries throughout Europe at 365 days a year. Our customers are airlines, high-tech companies and the pharmaceutical industry. To strengthen our international team, we [&hellip;]<\/p>\n","protected":false},"author":1,"featured_media":0,"parent":0,"menu_order":0,"comment_status":"closed","ping_status":"closed","template":"","meta":{"footnotes":""},"_links":{"self":[{"href":"https:\/\/www.aircargo-transport.eu\/discovery\/wp-json\/wp\/v2\/pages\/496"}],"collection":[{"href":"https:\/\/www.aircargo-transport.eu\/discovery\/wp-json\/wp\/v2\/pages"}],"about":[{"href":"https:\/\/www.aircargo-transport.eu\/discovery\/wp-json\/wp\/v2\/types\/page"}],"author":[{"embeddable":true,"href":"https:\/\/www.aircargo-transport.eu\/discovery\/wp-json\/wp\/v2\/users\/1"}],"replies":[{"embeddable":true,"href":"https:\/\/www.aircargo-transport.eu\/discovery\/wp-json\/wp\/v2\/comments?post=496"}],"version-history":[{"count":25,"href":"https:\/\/www.aircargo-transport.eu\/discovery\/wp-json\/wp\/v2\/pages\/496\/revisions"}],"predecessor-version":[{"id":1246,"href":"https:\/\/www.aircargo-transport.eu\/discovery\/wp-json\/wp\/v2\/pages\/496\/revisions\/1246"}],"wp:attachment":[{"href":"https:\/\/www.aircargo-transport.eu\/discovery\/wp-json\/wp\/v2\/media?parent=496"}],"curies":[{"name":"wp","href":"https:\/\/api.w.org\/{rel}","templated":true}]}}